{"id":3712,"date":"2023-10-17T11:42:03","date_gmt":"2023-10-17T09:42:03","guid":{"rendered":"https:\/\/elpidabeach.bg\/animation\/"},"modified":"2024-02-23T09:32:52","modified_gmt":"2024-02-23T07:32:52","slug":"animation","status":"publish","type":"page","link":"https:\/\/elpidabeach.bg\/de\/animation\/","title":{"rendered":"Animation"},"content":{"rendered":"\t\t<div data-elementor-type=\"wp-page\" data-elementor-id=\"3712\" class=\"elementor elementor-3712 elementor-37\">\n\t\t\t\t<div class=\"elementor-element elementor-element-a3c13ae e-flex e-con-boxed e-con e-parent\" data-id=\"a3c13ae\" data-element_type=\"container\" data-settings=\"{&quot;background_background&quot;:&quot;classic&quot;,&quot;jet_parallax_layout_list&quot;:[]}\">\n\t\t\t\t\t<div class=\"e-con-inner\">\n\t\t<div class=\"elementor-element elementor-element-e99cc0f elementor-hidden-tablet elementor-hidden-mobile e-flex e-con-boxed e-con e-child\" data-id=\"e99cc0f\" data-element_type=\"container\" data-settings=\"{&quot;position&quot;:&quot;absolute&quot;,&quot;jet_parallax_layout_list&quot;:[]}\">\n\t\t\t\t\t<div class=\"e-con-inner\">\n\t\t\t\t<div class=\"elementor-element elementor-element-c0b4d2c elementor-widget elementor-widget-html\" data-id=\"c0b4d2c\" data-element_type=\"widget\" data-widget_type=\"html.default\">\n\t\t\t\t<div class=\"elementor-widget-container\">\n\t\t\t<div class=\"wp-webhotelier\">\r\n        <form \r\n    id=\"form-wp-webhotelier-s-1\" \r\n    method=\"POST\" \r\n    action=\"https:\/\/vemarabeach.reserve-online.net\" \r\n    class=\"wp-webhotelier-form \" \r\n    data-default-date=\"2026-05-01\" \r\n    data-closing-date=\"2026-10-30\"\r\n    data-opening-date=\"2026-05-01\"\r\n    target=\"_blank\"\r\n    >\r\n        <div class=\"wp-webhotelier-form-wrap\">\r\n                        <div class=\"wp-webhotelier-fields\">\r\n                                    <div class=\"wp-webhotelier-control-group\">\r\n                        <div class=\"wp-webhotelier-control-input\">\r\n                            <label for=\"wp-webhotelier-checkin-s-1\">Check-in<\/label>\r\n                            <input type=\"text\" id=\"wp-webhotelier-checkin-s-1\" name=\"checkin\" value=\"\" \/>\r\n                        <\/div>\r\n                    <\/div>\r\n                    <div class=\"wp-webhotelier-control-group\">\r\n                                                    <label for=\"wp-webhotelier-checkout-s-1\">Check-out<\/label>\r\n                            <input type=\"text\" id=\"wp-webhotelier-checkout-s-1\" name=\"checkout\" value=\"\" \/>\r\n                                            <\/div>\r\n                                        <div class=\"wp-webhotelier-control-group\">\r\n                        <label for=\"wp-webhotelier-rooms-s-1\">Rooms<\/label>\r\n                        <select name=\"rooms\" id=\"wp-webhotelier-rooms-s-1\">\r\n                                                            <option value=\"1\" selected=\"selected\">\r\n                                    1                                <\/option>\r\n                                                    <\/select>\r\n                    <\/div>\r\n                    <div class=\"wp-webhotelier-control-group\">\r\n                        <label for=\"wp-webhotelier-adults-s-1\">Adults<\/label>\r\n                        <select name=\"adults\" id=\"wp-webhotelier-adults-s-1\">\r\n                                                            <option value=\"1\" >\r\n                                    1                                <\/option>\r\n                                                            <option value=\"2\" selected=\"selected\">\r\n                                    2                                <\/option>\r\n                                                            <option value=\"3\" >\r\n                                    3                                <\/option>\r\n                                                            <option value=\"4\" >\r\n                                    4                                <\/option>\r\n                                                    <\/select>\r\n                    <\/div>\r\n                                            <div class=\"wp-webhotelier-control-group\">\r\n                            <label for=\"wp-webhotelier-children-s-1\">Children<\/label>\r\n                            <select name=\"children\" id=\"wp-webhotelier-children-s-1\">\r\n                                                                    <option value=\"0\" selected=\"selected\">\r\n                                        0                                    <\/option>\r\n                                                                    <option value=\"1\" >\r\n                                        1                                    <\/option>\r\n                                                                    <option value=\"2\" >\r\n                                        2                                    <\/option>\r\n                                                            <\/select>\r\n                        <\/div>\r\n                                                                <div class=\"wp-webhotelier-control-group\">\r\n                            <label for=\"wp-webhotelier-infants-s-1\">Infants<\/label>\r\n                            <select name=\"infants\" id=\"wp-webhotelier-infants-s-1\">\r\n                                                                    <option value=\"0\" selected=\"selected\">\r\n                                        0                                    <\/option>\r\n                                                                    <option value=\"1\" >\r\n                                        1                                    <\/option>\r\n                                                                    <option value=\"2\" >\r\n                                        2                                    <\/option>\r\n                                                                    <option value=\"3\" >\r\n                                        3                                    <\/option>\r\n                                                                    <option value=\"4\" >\r\n                                        4                                    <\/option>\r\n                                                            <\/select>\r\n                        <\/div>\r\n                                        <div class=\"wp-webhotelier-control-group\">\r\n                        <button class=\"wp-webhotelier-button\" type=\"submit\" id=\"wp-webhotelier-submit-s-1\">\r\n                            Search availability                        <\/button>\r\n                    <\/div>\r\n                                <\/div>\r\n                    <\/div>\r\n        <input type=\"hidden\" name=\"lang\" value=\"de\">\r\n    <\/form>\r\n    <\/div>\t\t<\/div>\n\t\t\t\t<\/div>\n\t\t\t\t\t<\/div>\n\t\t\t\t<\/div>\n\t\t\t\t\t<\/div>\n\t\t\t\t<\/div>\n\t\t<div class=\"elementor-element elementor-element-9476ae4 e-con-full elementor-hidden-widescreen elementor-hidden-desktop e-flex e-con e-parent\" data-id=\"9476ae4\" data-element_type=\"container\" data-settings=\"{&quot;background_background&quot;:&quot;classic&quot;,&quot;jet_parallax_layout_list&quot;:[]}\">\n\t\t\t\t<div class=\"elementor-element elementor-element-aa616e9 elementor-widget elementor-widget-html\" data-id=\"aa616e9\" data-element_type=\"widget\" data-widget_type=\"html.default\">\n\t\t\t\t<div class=\"elementor-widget-container\">\n\t\t\t<div class=\"wp-webhotelier\">\r\n        <form \r\n    id=\"form-wp-webhotelier-s-2\" \r\n    method=\"POST\" \r\n    action=\"https:\/\/vemarabeach.reserve-online.net\" \r\n    class=\"wp-webhotelier-form \" \r\n    data-default-date=\"2026-05-01\" \r\n    data-closing-date=\"2026-10-30\"\r\n    data-opening-date=\"2026-05-01\"\r\n    target=\"_blank\"\r\n    >\r\n        <div class=\"wp-webhotelier-form-wrap\">\r\n                        <div class=\"wp-webhotelier-fields\">\r\n                                    <div class=\"wp-webhotelier-control-group\">\r\n                        <div class=\"wp-webhotelier-control-input\">\r\n                            <label for=\"wp-webhotelier-checkin-s-2\">Check-in<\/label>\r\n                            <input type=\"text\" id=\"wp-webhotelier-checkin-s-2\" name=\"checkin\" value=\"\" \/>\r\n                        <\/div>\r\n                    <\/div>\r\n                    <div class=\"wp-webhotelier-control-group\">\r\n                                                    <label for=\"wp-webhotelier-checkout-s-2\">Check-out<\/label>\r\n                            <input type=\"text\" id=\"wp-webhotelier-checkout-s-2\" name=\"checkout\" value=\"\" \/>\r\n                                            <\/div>\r\n                                        <div class=\"wp-webhotelier-control-group\">\r\n                        <label for=\"wp-webhotelier-rooms-s-2\">Rooms<\/label>\r\n                        <select name=\"rooms\" id=\"wp-webhotelier-rooms-s-2\">\r\n                                                            <option value=\"1\" selected=\"selected\">\r\n                                    1                                <\/option>\r\n                                                    <\/select>\r\n                    <\/div>\r\n                    <div class=\"wp-webhotelier-control-group\">\r\n                        <label for=\"wp-webhotelier-adults-s-2\">Adults<\/label>\r\n                        <select name=\"adults\" id=\"wp-webhotelier-adults-s-2\">\r\n                                                            <option value=\"1\" >\r\n                                    1                                <\/option>\r\n                                                            <option value=\"2\" selected=\"selected\">\r\n                                    2                                <\/option>\r\n                                                            <option value=\"3\" >\r\n                                    3                                <\/option>\r\n                                                            <option value=\"4\" >\r\n                                    4                                <\/option>\r\n                                                    <\/select>\r\n                    <\/div>\r\n                                            <div class=\"wp-webhotelier-control-group\">\r\n                            <label for=\"wp-webhotelier-children-s-2\">Children<\/label>\r\n                            <select name=\"children\" id=\"wp-webhotelier-children-s-2\">\r\n                                                                    <option value=\"0\" selected=\"selected\">\r\n                                        0                                    <\/option>\r\n                                                                    <option value=\"1\" >\r\n                                        1                                    <\/option>\r\n                                                                    <option value=\"2\" >\r\n                                        2                                    <\/option>\r\n                                                            <\/select>\r\n                        <\/div>\r\n                                                                <div class=\"wp-webhotelier-control-group\">\r\n                            <label for=\"wp-webhotelier-infants-s-2\">Infants<\/label>\r\n                            <select name=\"infants\" id=\"wp-webhotelier-infants-s-2\">\r\n                                                                    <option value=\"0\" selected=\"selected\">\r\n                                        0                                    <\/option>\r\n                                                                    <option value=\"1\" >\r\n                                        1                                    <\/option>\r\n                                                                    <option value=\"2\" >\r\n                                        2                                    <\/option>\r\n                                                                    <option value=\"3\" >\r\n                                        3                                    <\/option>\r\n                                                                    <option value=\"4\" >\r\n                                        4                                    <\/option>\r\n                                                            <\/select>\r\n                        <\/div>\r\n                                        <div class=\"wp-webhotelier-control-group\">\r\n                        <button class=\"wp-webhotelier-button\" type=\"submit\" id=\"wp-webhotelier-submit-s-2\">\r\n                            Search availability                        <\/button>\r\n                    <\/div>\r\n                                <\/div>\r\n                    <\/div>\r\n        <input type=\"hidden\" name=\"lang\" value=\"de\">\r\n    <\/form>\r\n    <\/div>\t\t<\/div>\n\t\t\t\t<\/div>\n\t\t\t\t<\/div>\n\t\t<div class=\"elementor-element elementor-element-4bb96f0 e-flex e-con-boxed e-con e-parent\" data-id=\"4bb96f0\" data-element_type=\"container\" data-settings=\"{&quot;background_background&quot;:&quot;classic&quot;,&quot;jet_parallax_layout_list&quot;:[]}\">\n\t\t\t\t\t<div class=\"e-con-inner\">\n\t\t\t\t<div class=\"elementor-element elementor-element-9604539 elementor-widget elementor-widget-heading\" data-id=\"9604539\" data-element_type=\"widget\" data-widget_type=\"heading.default\">\n\t\t\t\t<div class=\"elementor-widget-container\">\n\t\t\t<h3 class=\"elementor-heading-title elementor-size-default\">F\u00fcr Kinder<\/h3>\t\t<\/div>\n\t\t\t\t<\/div>\n\t\t\t\t<div class=\"elementor-element elementor-element-80c41dc elementor-widget elementor-widget-text-editor\" data-id=\"80c41dc\" data-element_type=\"widget\" data-widget_type=\"text-editor.default\">\n\t\t\t\t<div class=\"elementor-widget-container\">\n\t\t\t\t\t\t\t<p>Schenken Sie Ihren Kindern einen unvergesslichen Sommer voller aufregender Emotionen!<\/p>\n\t\t\t\t\t\t<\/div>\n\t\t\t\t<\/div>\n\t\t\t\t\t<\/div>\n\t\t\t\t<\/div>\n\t\t<div class=\"elementor-element elementor-element-08f3dc6 e-flex e-con-boxed e-con e-parent\" data-id=\"08f3dc6\" data-element_type=\"container\" data-settings=\"{&quot;background_background&quot;:&quot;classic&quot;,&quot;jet_parallax_layout_list&quot;:[]}\">\n\t\t\t\t\t<div class=\"e-con-inner\">\n\t\t\t\t<div class=\"elementor-element elementor-element-1526714 elementor-widget elementor-widget-heading\" data-id=\"1526714\" data-element_type=\"widget\" data-widget_type=\"heading.default\">\n\t\t\t\t<div class=\"elementor-widget-container\">\n\t\t\t<h2 class=\"elementor-heading-title elementor-size-default\">  Wir haben f\u00fcr sie alle gesorgt:<\/h2>\t\t<\/div>\n\t\t\t\t<\/div>\n\t\t<div class=\"elementor-element elementor-element-2cd55a0 e-flex e-con-boxed e-con e-child\" data-id=\"2cd55a0\" data-element_type=\"container\" data-settings=\"{&quot;jet_parallax_layout_list&quot;:[]}\">\n\t\t\t\t\t<div class=\"e-con-inner\">\n\t\t\t\t<div class=\"elementor-element elementor-element-4746aaa elementor-list-item-link-inline elementor-align-left elementor-mobile-align-left elementor-widget-mobile__width-inherit elementor-icon-list--layout-traditional elementor-widget elementor-widget-icon-list\" data-id=\"4746aaa\" data-element_type=\"widget\" data-widget_type=\"icon-list.default\">\n\t\t\t\t<div class=\"elementor-widget-container\">\n\t\t\t\t\t<ul class=\"elementor-icon-list-items\">\n\t\t\t\t\t\t\t<li class=\"elementor-icon-list-item\">\n\t\t\t\t\t\t\t\t\t\t\t<span class=\"elementor-icon-list-icon\">\n\t\t\t\t\t\t\t<svg aria-hidden=\"true\" class=\"e-font-icon-svg e-fas-check\" viewBox=\"0 0 512 512\" xmlns=\"http:\/\/www.w3.org\/2000\/svg\"><path d=\"M173.898 439.404l-166.4-166.4c-9.997-9.997-9.997-26.206 0-36.204l36.203-36.204c9.997-9.998 26.207-9.998 36.204 0L192 312.69 432.095 72.596c9.997-9.997 26.207-9.997 36.204 0l36.203 36.204c9.997 9.997 9.997 26.206 0 36.204l-294.4 294.401c-9.998 9.997-26.207 9.997-36.204-.001z\"><\/path><\/svg>\t\t\t\t\t\t<\/span>\n\t\t\t\t\t\t\t\t\t\t<span class=\"elementor-icon-list-text\">Kinderanimateure<\/span>\n\t\t\t\t\t\t\t\t\t<\/li>\n\t\t\t\t\t\t\t\t<li class=\"elementor-icon-list-item\">\n\t\t\t\t\t\t\t\t\t\t\t<span class=\"elementor-icon-list-icon\">\n\t\t\t\t\t\t\t<svg aria-hidden=\"true\" class=\"e-font-icon-svg e-fas-check\" viewBox=\"0 0 512 512\" xmlns=\"http:\/\/www.w3.org\/2000\/svg\"><path d=\"M173.898 439.404l-166.4-166.4c-9.997-9.997-9.997-26.206 0-36.204l36.203-36.204c9.997-9.998 26.207-9.998 36.204 0L192 312.69 432.095 72.596c9.997-9.997 26.207-9.997 36.204 0l36.203 36.204c9.997 9.997 9.997 26.206 0 36.204l-294.4 294.401c-9.998 9.997-26.207 9.997-36.204-.001z\"><\/path><\/svg>\t\t\t\t\t\t<\/span>\n\t\t\t\t\t\t\t\t\t\t<span class=\"elementor-icon-list-text\">Spielplatz<\/span>\n\t\t\t\t\t\t\t\t\t<\/li>\n\t\t\t\t\t\t\t\t<li class=\"elementor-icon-list-item\">\n\t\t\t\t\t\t\t\t\t\t\t<span class=\"elementor-icon-list-icon\">\n\t\t\t\t\t\t\t<svg aria-hidden=\"true\" class=\"e-font-icon-svg e-fas-check\" viewBox=\"0 0 512 512\" xmlns=\"http:\/\/www.w3.org\/2000\/svg\"><path d=\"M173.898 439.404l-166.4-166.4c-9.997-9.997-9.997-26.206 0-36.204l36.203-36.204c9.997-9.998 26.207-9.998 36.204 0L192 312.69 432.095 72.596c9.997-9.997 26.207-9.997 36.204 0l36.203 36.204c9.997 9.997 9.997 26.206 0 36.204l-294.4 294.401c-9.998 9.997-26.207 9.997-36.204-.001z\"><\/path><\/svg>\t\t\t\t\t\t<\/span>\n\t\t\t\t\t\t\t\t\t\t<span class=\"elementor-icon-list-text\">Kinderfreibad mit Wasserrutsche<\/span>\n\t\t\t\t\t\t\t\t\t<\/li>\n\t\t\t\t\t\t\t\t<li class=\"elementor-icon-list-item\">\n\t\t\t\t\t\t\t\t\t\t\t<span class=\"elementor-icon-list-icon\">\n\t\t\t\t\t\t\t<svg aria-hidden=\"true\" class=\"e-font-icon-svg e-fas-check\" viewBox=\"0 0 512 512\" xmlns=\"http:\/\/www.w3.org\/2000\/svg\"><path d=\"M173.898 439.404l-166.4-166.4c-9.997-9.997-9.997-26.206 0-36.204l36.203-36.204c9.997-9.998 26.207-9.998 36.204 0L192 312.69 432.095 72.596c9.997-9.997 26.207-9.997 36.204 0l36.203 36.204c9.997 9.997 9.997 26.206 0 36.204l-294.4 294.401c-9.998 9.997-26.207 9.997-36.204-.001z\"><\/path><\/svg>\t\t\t\t\t\t<\/span>\n\t\t\t\t\t\t\t\t\t\t<span class=\"elementor-icon-list-text\">Animation f\u00fcr Kinder von 4 - 12 Jahren<\/span>\n\t\t\t\t\t\t\t\t\t<\/li>\n\t\t\t\t\t\t<\/ul>\n\t\t\t\t<\/div>\n\t\t\t\t<\/div>\n\t\t\t\t<div class=\"elementor-element elementor-element-6cf0480 elementor-list-item-link-inline elementor-align-left elementor-widget-mobile__width-inherit elementor-mobile-align-left elementor-icon-list--layout-traditional elementor-widget elementor-widget-icon-list\" data-id=\"6cf0480\" data-element_type=\"widget\" data-widget_type=\"icon-list.default\">\n\t\t\t\t<div class=\"elementor-widget-container\">\n\t\t\t\t\t<ul class=\"elementor-icon-list-items\">\n\t\t\t\t\t\t\t<li class=\"elementor-icon-list-item\">\n\t\t\t\t\t\t\t\t\t\t\t<span class=\"elementor-icon-list-icon\">\n\t\t\t\t\t\t\t<svg aria-hidden=\"true\" class=\"e-font-icon-svg e-fas-check\" viewBox=\"0 0 512 512\" xmlns=\"http:\/\/www.w3.org\/2000\/svg\"><path d=\"M173.898 439.404l-166.4-166.4c-9.997-9.997-9.997-26.206 0-36.204l36.203-36.204c9.997-9.998 26.207-9.998 36.204 0L192 312.69 432.095 72.596c9.997-9.997 26.207-9.997 36.204 0l36.203 36.204c9.997 9.997 9.997 26.206 0 36.204l-294.4 294.401c-9.998 9.997-26.207 9.997-36.204-.001z\"><\/path><\/svg>\t\t\t\t\t\t<\/span>\n\t\t\t\t\t\t\t\t\t\t<span class=\"elementor-icon-list-text\">Kinderbereich im Freibad<\/span>\n\t\t\t\t\t\t\t\t\t<\/li>\n\t\t\t\t\t\t\t\t<li class=\"elementor-icon-list-item\">\n\t\t\t\t\t\t\t\t\t\t\t<span class=\"elementor-icon-list-icon\">\n\t\t\t\t\t\t\t<svg aria-hidden=\"true\" class=\"e-font-icon-svg e-fas-check\" viewBox=\"0 0 512 512\" xmlns=\"http:\/\/www.w3.org\/2000\/svg\"><path d=\"M173.898 439.404l-166.4-166.4c-9.997-9.997-9.997-26.206 0-36.204l36.203-36.204c9.997-9.998 26.207-9.998 36.204 0L192 312.69 432.095 72.596c9.997-9.997 26.207-9.997 36.204 0l36.203 36.204c9.997 9.997 9.997 26.206 0 36.204l-294.4 294.401c-9.998 9.997-26.207 9.997-36.204-.001z\"><\/path><\/svg>\t\t\t\t\t\t<\/span>\n\t\t\t\t\t\t\t\t\t\t<span class=\"elementor-icon-list-text\">Kostenloses Kinderbett im Zimmer (auf Anfrage)<\/span>\n\t\t\t\t\t\t\t\t\t<\/li>\n\t\t\t\t\t\t\t\t<li class=\"elementor-icon-list-item\">\n\t\t\t\t\t\t\t\t\t\t\t<span class=\"elementor-icon-list-icon\">\n\t\t\t\t\t\t\t<svg aria-hidden=\"true\" class=\"e-font-icon-svg e-fas-check\" viewBox=\"0 0 512 512\" xmlns=\"http:\/\/www.w3.org\/2000\/svg\"><path d=\"M173.898 439.404l-166.4-166.4c-9.997-9.997-9.997-26.206 0-36.204l36.203-36.204c9.997-9.998 26.207-9.998 36.204 0L192 312.69 432.095 72.596c9.997-9.997 26.207-9.997 36.204 0l36.203 36.204c9.997 9.997 9.997 26.206 0 36.204l-294.4 294.401c-9.998 9.997-26.207 9.997-36.204-.001z\"><\/path><\/svg>\t\t\t\t\t\t<\/span>\n\t\t\t\t\t\t\t\t\t\t<span class=\"elementor-icon-list-text\">Esszimmerst\u00fchle im Restaurant<\/span>\n\t\t\t\t\t\t\t\t\t<\/li>\n\t\t\t\t\t\t<\/ul>\n\t\t\t\t<\/div>\n\t\t\t\t<\/div>\n\t\t\t\t\t<\/div>\n\t\t\t\t<\/div>\n\t\t\t\t\t<\/div>\n\t\t\t\t<\/div>\n\t\t<div class=\"elementor-element elementor-element-20a3faa e-con-full e-flex e-con e-parent\" data-id=\"20a3faa\" data-element_type=\"container\" data-settings=\"{&quot;background_background&quot;:&quot;classic&quot;,&quot;jet_parallax_layout_list&quot;:[]}\">\n\t\t\t\t<div class=\"elementor-element elementor-element-a42ecf9 elementor-widget elementor-widget-jet-carousel\" data-id=\"a42ecf9\" data-element_type=\"widget\" data-settings=\"{&quot;slides_to_show&quot;:&quot;4&quot;,&quot;slides_to_show_mobile&quot;:&quot;1&quot;,&quot;slides_to_scroll&quot;:&quot;1&quot;}\" data-widget_type=\"jet-carousel.default\">\n\t\t\t\t<div class=\"elementor-widget-container\">\n\t\t\t<div class=\"elementor-jet-carousel jet-elements\"><div class=\"jet-carousel-wrap\">\n\t<div class=\"jet-carousel\" data-slider_options=\"{&quot;autoplaySpeed&quot;:5000,&quot;autoplay&quot;:true,&quot;infinite&quot;:true,&quot;centerMode&quot;:true,&quot;centerPadding&quot;:&quot;50px&quot;,&quot;pauseOnHover&quot;:false,&quot;speed&quot;:500,&quot;arrows&quot;:false,&quot;dots&quot;:false,&quot;variableWidth&quot;:false,&quot;prevArrow&quot;:&quot;.jet-carousel__prev-arrow-a42ecf9&quot;,&quot;nextArrow&quot;:&quot;.jet-carousel__next-arrow-a42ecf9&quot;,&quot;rtl&quot;:false,&quot;fractionNav&quot;:false}\" dir=\"ltr\">\n\t<div class=\"elementor-slick-slider\">\n\n<div class=\"jet-carousel__item\">\n\t<div class=\"jet-carousel__item-inner\"><a href=\"https:\/\/elpidabeach.bg\/wp-content\/uploads\/2024\/01\/2d.webp\" class=\"jet-carousel__item-link\" data-elementor-open-lightbox=\"yes\" data-elementor-lightbox-slideshow=\"a42ecf9\"  ><img decoding=\"async\" src=\"https:\/\/elpidabeach.bg\/wp-content\/uploads\/2024\/01\/2d.webp\" class=\"jet-carousel__item-img\" alt=\"2d\" loading=\"lazy\"><\/a><div class=\"jet-carousel__content\"><\/div><\/div>\n<\/div>\n\n<div class=\"jet-carousel__item\">\n\t<div class=\"jet-carousel__item-inner\"><a href=\"https:\/\/elpidabeach.bg\/wp-content\/uploads\/2024\/01\/5d.webp\" class=\"jet-carousel__item-link\" data-elementor-open-lightbox=\"yes\" data-elementor-lightbox-slideshow=\"a42ecf9\"  ><img decoding=\"async\" src=\"https:\/\/elpidabeach.bg\/wp-content\/uploads\/2024\/01\/5d.webp\" class=\"jet-carousel__item-img\" alt=\"5d\" loading=\"lazy\"><\/a><div class=\"jet-carousel__content\"><\/div><\/div>\n<\/div>\n\n<div class=\"jet-carousel__item\">\n\t<div class=\"jet-carousel__item-inner\"><a href=\"https:\/\/elpidabeach.bg\/wp-content\/uploads\/2024\/01\/3d.webp\" class=\"jet-carousel__item-link\" data-elementor-open-lightbox=\"yes\" data-elementor-lightbox-slideshow=\"a42ecf9\"  ><img decoding=\"async\" src=\"https:\/\/elpidabeach.bg\/wp-content\/uploads\/2024\/01\/3d.webp\" class=\"jet-carousel__item-img\" alt=\"3d\" loading=\"lazy\"><\/a><div class=\"jet-carousel__content\"><\/div><\/div>\n<\/div>\n\n<div class=\"jet-carousel__item\">\n\t<div class=\"jet-carousel__item-inner\"><a href=\"https:\/\/elpidabeach.bg\/wp-content\/uploads\/2024\/01\/4d.webp\" class=\"jet-carousel__item-link\" data-elementor-open-lightbox=\"yes\" data-elementor-lightbox-slideshow=\"a42ecf9\"  ><img decoding=\"async\" src=\"https:\/\/elpidabeach.bg\/wp-content\/uploads\/2024\/01\/4d.webp\" class=\"jet-carousel__item-img\" alt=\"4d\" loading=\"lazy\"><\/a><div class=\"jet-carousel__content\"><\/div><\/div>\n<\/div>\n<\/div><\/div>\n<\/div>\n<\/div>\t\t<\/div>\n\t\t\t\t<\/div>\n\t\t\t\t<\/div>\n\t\t\t\t<\/div>\n\t\t","protected":false},"excerpt":{"rendered":"<p>F\u00fcr Kinder Schenken Sie Ihren Kindern einen unvergesslichen Sommer voller aufregender Emotionen! Wir haben f\u00fcr sie alle gesorgt: Kinderanimateure Spielplatz Kinderfreibad mit Wasserrutsche Animation f\u00fcr Kinder von 4 &#8211; 12 Jahren Kinderbereich im Freibad Kostenloses Kinderbett im Zimmer (auf Anfrage) Esszimmerst\u00fchle im Restaurant<\/p>\n","protected":false},"author":1,"featured_media":0,"parent":0,"menu_order":0,"comment_status":"closed","ping_status":"closed","template":"elementor_theme","meta":{"rank_math_lock_modified_date":false,"_jf_save_progress":"","footnotes":""},"class_list":["post-3712","page","type-page","status-publish","hentry"],"_links":{"self":[{"href":"https:\/\/elpidabeach.bg\/de\/wp-json\/wp\/v2\/pages\/3712"}],"collection":[{"href":"https:\/\/elpidabeach.bg\/de\/wp-json\/wp\/v2\/pages"}],"about":[{"href":"https:\/\/elpidabeach.bg\/de\/wp-json\/wp\/v2\/types\/page"}],"author":[{"embeddable":true,"href":"https:\/\/elpidabeach.bg\/de\/wp-json\/wp\/v2\/users\/1"}],"replies":[{"embeddable":true,"href":"https:\/\/elpidabeach.bg\/de\/wp-json\/wp\/v2\/comments?post=3712"}],"version-history":[{"count":0,"href":"https:\/\/elpidabeach.bg\/de\/wp-json\/wp\/v2\/pages\/3712\/revisions"}],"wp:attachment":[{"href":"https:\/\/elpidabeach.bg\/de\/wp-json\/wp\/v2\/media?parent=3712"}],"curies":[{"name":"wp","href":"https:\/\/api.w.org\/{rel}","templated":true}]}}