{"id":3723,"date":"2023-10-17T11:42:11","date_gmt":"2023-10-17T08:42:11","guid":{"rendered":"https:\/\/elpidabeach.bg\/strand-und-pool\/"},"modified":"2024-09-16T14:09:24","modified_gmt":"2024-09-16T11:09:24","slug":"strand-und-pool","status":"publish","type":"page","link":"https:\/\/elpidabeach.bg\/de\/strand-und-pool\/","title":{"rendered":"Strand und Pool"},"content":{"rendered":"\t\t<div data-elementor-type=\"wp-page\" data-elementor-id=\"3723\" class=\"elementor elementor-3723 elementor-39\">\n\t\t\t\t<div class=\"elementor-element elementor-element-6fc6aeb e-flex e-con-boxed e-con e-parent\" data-id=\"6fc6aeb\" data-element_type=\"container\" data-settings=\"{&quot;background_background&quot;:&quot;classic&quot;,&quot;jet_parallax_layout_list&quot;:[]}\">\n\t\t\t\t\t<div class=\"e-con-inner\">\n\t\t<div class=\"elementor-element elementor-element-5374ece elementor-hidden-tablet elementor-hidden-mobile e-flex e-con-boxed e-con e-child\" data-id=\"5374ece\" data-element_type=\"container\" data-settings=\"{&quot;position&quot;:&quot;absolute&quot;,&quot;jet_parallax_layout_list&quot;:[]}\">\n\t\t\t\t\t<div class=\"e-con-inner\">\n\t\t\t\t<div class=\"elementor-element elementor-element-756160c elementor-widget elementor-widget-html\" data-id=\"756160c\" data-element_type=\"widget\" data-widget_type=\"html.default\">\n\t\t\t\t<div class=\"elementor-widget-container\">\n\t\t\t<div class=\"wp-webhotelier\">\r\n        <form \r\n    id=\"form-wp-webhotelier-s-1\" \r\n    method=\"POST\" \r\n    action=\"https:\/\/vemarabeach.reserve-online.net\" \r\n    class=\"wp-webhotelier-form \" \r\n    data-default-date=\"2026-05-01\" \r\n    data-closing-date=\"2026-10-30\"\r\n    data-opening-date=\"2026-05-01\"\r\n    target=\"_blank\"\r\n    >\r\n        <div class=\"wp-webhotelier-form-wrap\">\r\n                        <div class=\"wp-webhotelier-fields\">\r\n                                    <div class=\"wp-webhotelier-control-group\">\r\n                        <div class=\"wp-webhotelier-control-input\">\r\n                            <label for=\"wp-webhotelier-checkin-s-1\">Check-in<\/label>\r\n                            <input type=\"text\" id=\"wp-webhotelier-checkin-s-1\" name=\"checkin\" value=\"\" \/>\r\n                        <\/div>\r\n                    <\/div>\r\n                    <div class=\"wp-webhotelier-control-group\">\r\n                                                    <label for=\"wp-webhotelier-checkout-s-1\">Check-out<\/label>\r\n                            <input type=\"text\" id=\"wp-webhotelier-checkout-s-1\" name=\"checkout\" value=\"\" \/>\r\n                                            <\/div>\r\n                                        <div class=\"wp-webhotelier-control-group\">\r\n                        <label for=\"wp-webhotelier-rooms-s-1\">Rooms<\/label>\r\n                        <select name=\"rooms\" id=\"wp-webhotelier-rooms-s-1\">\r\n                                                            <option value=\"1\" selected=\"selected\">\r\n                                    1                                <\/option>\r\n                                                    <\/select>\r\n                    <\/div>\r\n                    <div class=\"wp-webhotelier-control-group\">\r\n                        <label for=\"wp-webhotelier-adults-s-1\">Adults<\/label>\r\n                        <select name=\"adults\" id=\"wp-webhotelier-adults-s-1\">\r\n                                                            <option value=\"1\" >\r\n                                    1                                <\/option>\r\n                                                            <option value=\"2\" selected=\"selected\">\r\n                                    2                                <\/option>\r\n                                                            <option value=\"3\" >\r\n                                    3                                <\/option>\r\n                                                            <option value=\"4\" >\r\n                                    4                                <\/option>\r\n                                                    <\/select>\r\n                    <\/div>\r\n                                            <div class=\"wp-webhotelier-control-group\">\r\n                            <label for=\"wp-webhotelier-children-s-1\">Children<\/label>\r\n                            <select name=\"children\" id=\"wp-webhotelier-children-s-1\">\r\n                                                                    <option value=\"0\" selected=\"selected\">\r\n                                        0                                    <\/option>\r\n                                                                    <option value=\"1\" >\r\n                                        1                                    <\/option>\r\n                                                                    <option value=\"2\" >\r\n                                        2                                    <\/option>\r\n                                                            <\/select>\r\n                        <\/div>\r\n                                                                <div class=\"wp-webhotelier-control-group\">\r\n                            <label for=\"wp-webhotelier-infants-s-1\">Infants<\/label>\r\n                            <select name=\"infants\" id=\"wp-webhotelier-infants-s-1\">\r\n                                                                    <option value=\"0\" selected=\"selected\">\r\n                                        0                                    <\/option>\r\n                                                                    <option value=\"1\" >\r\n                                        1                                    <\/option>\r\n                                                                    <option value=\"2\" >\r\n                                        2                                    <\/option>\r\n                                                                    <option value=\"3\" >\r\n                                        3                                    <\/option>\r\n                                                                    <option value=\"4\" >\r\n                                        4                                    <\/option>\r\n                                                            <\/select>\r\n                        <\/div>\r\n                                        <div class=\"wp-webhotelier-control-group\">\r\n                        <button class=\"wp-webhotelier-button\" type=\"submit\" id=\"wp-webhotelier-submit-s-1\">\r\n                            Search availability                        <\/button>\r\n                    <\/div>\r\n                                <\/div>\r\n                    <\/div>\r\n        <input type=\"hidden\" name=\"lang\" value=\"de\">\r\n    <\/form>\r\n    <\/div>\t\t<\/div>\n\t\t\t\t<\/div>\n\t\t\t\t\t<\/div>\n\t\t\t\t<\/div>\n\t\t\t\t\t<\/div>\n\t\t\t\t<\/div>\n\t\t<div class=\"elementor-element elementor-element-8858eb4 e-con-full elementor-hidden-widescreen elementor-hidden-desktop e-flex e-con e-parent\" data-id=\"8858eb4\" data-element_type=\"container\" data-settings=\"{&quot;background_background&quot;:&quot;classic&quot;,&quot;jet_parallax_layout_list&quot;:[]}\">\n\t\t\t\t<div class=\"elementor-element elementor-element-a00c9ee elementor-widget elementor-widget-html\" data-id=\"a00c9ee\" data-element_type=\"widget\" data-widget_type=\"html.default\">\n\t\t\t\t<div class=\"elementor-widget-container\">\n\t\t\t<div class=\"wp-webhotelier\">\r\n        <form \r\n    id=\"form-wp-webhotelier-s-2\" \r\n    method=\"POST\" \r\n    action=\"https:\/\/vemarabeach.reserve-online.net\" \r\n    class=\"wp-webhotelier-form \" \r\n    data-default-date=\"2026-05-01\" \r\n    data-closing-date=\"2026-10-30\"\r\n    data-opening-date=\"2026-05-01\"\r\n    target=\"_blank\"\r\n    >\r\n        <div class=\"wp-webhotelier-form-wrap\">\r\n                        <div class=\"wp-webhotelier-fields\">\r\n                                    <div class=\"wp-webhotelier-control-group\">\r\n                        <div class=\"wp-webhotelier-control-input\">\r\n                            <label for=\"wp-webhotelier-checkin-s-2\">Check-in<\/label>\r\n                            <input type=\"text\" id=\"wp-webhotelier-checkin-s-2\" name=\"checkin\" value=\"\" \/>\r\n                        <\/div>\r\n                    <\/div>\r\n                    <div class=\"wp-webhotelier-control-group\">\r\n                                                    <label for=\"wp-webhotelier-checkout-s-2\">Check-out<\/label>\r\n                            <input type=\"text\" id=\"wp-webhotelier-checkout-s-2\" name=\"checkout\" value=\"\" \/>\r\n                                            <\/div>\r\n                                        <div class=\"wp-webhotelier-control-group\">\r\n                        <label for=\"wp-webhotelier-rooms-s-2\">Rooms<\/label>\r\n                        <select name=\"rooms\" id=\"wp-webhotelier-rooms-s-2\">\r\n                                                            <option value=\"1\" selected=\"selected\">\r\n                                    1                                <\/option>\r\n                                                    <\/select>\r\n                    <\/div>\r\n                    <div class=\"wp-webhotelier-control-group\">\r\n                        <label for=\"wp-webhotelier-adults-s-2\">Adults<\/label>\r\n                        <select name=\"adults\" id=\"wp-webhotelier-adults-s-2\">\r\n                                                            <option value=\"1\" >\r\n                                    1                                <\/option>\r\n                                                            <option value=\"2\" selected=\"selected\">\r\n                                    2                                <\/option>\r\n                                                            <option value=\"3\" >\r\n                                    3                                <\/option>\r\n                                                            <option value=\"4\" >\r\n                                    4                                <\/option>\r\n                                                    <\/select>\r\n                    <\/div>\r\n                                            <div class=\"wp-webhotelier-control-group\">\r\n                            <label for=\"wp-webhotelier-children-s-2\">Children<\/label>\r\n                            <select name=\"children\" id=\"wp-webhotelier-children-s-2\">\r\n                                                                    <option value=\"0\" selected=\"selected\">\r\n                                        0                                    <\/option>\r\n                                                                    <option value=\"1\" >\r\n                                        1                                    <\/option>\r\n                                                                    <option value=\"2\" >\r\n                                        2                                    <\/option>\r\n                                                            <\/select>\r\n                        <\/div>\r\n                                                                <div class=\"wp-webhotelier-control-group\">\r\n                            <label for=\"wp-webhotelier-infants-s-2\">Infants<\/label>\r\n                            <select name=\"infants\" id=\"wp-webhotelier-infants-s-2\">\r\n                                                                    <option value=\"0\" selected=\"selected\">\r\n                                        0                                    <\/option>\r\n                                                                    <option value=\"1\" >\r\n                                        1                                    <\/option>\r\n                                                                    <option value=\"2\" >\r\n                                        2                                    <\/option>\r\n                                                                    <option value=\"3\" >\r\n                                        3                                    <\/option>\r\n                                                                    <option value=\"4\" >\r\n                                        4                                    <\/option>\r\n                                                            <\/select>\r\n                        <\/div>\r\n                                        <div class=\"wp-webhotelier-control-group\">\r\n                        <button class=\"wp-webhotelier-button\" type=\"submit\" id=\"wp-webhotelier-submit-s-2\">\r\n                            Search availability                        <\/button>\r\n                    <\/div>\r\n                                <\/div>\r\n                    <\/div>\r\n        <input type=\"hidden\" name=\"lang\" value=\"de\">\r\n    <\/form>\r\n    <\/div>\t\t<\/div>\n\t\t\t\t<\/div>\n\t\t\t\t<\/div>\n\t\t<div class=\"elementor-element elementor-element-cab3c5b e-flex e-con-boxed e-con e-parent\" data-id=\"cab3c5b\" data-element_type=\"container\" data-settings=\"{&quot;background_background&quot;:&quot;classic&quot;,&quot;jet_parallax_layout_list&quot;:[]}\">\n\t\t\t\t\t<div class=\"e-con-inner\">\n\t\t\t\t<div class=\"elementor-element elementor-element-8c475e3 elementor-widget__width-inherit elementor-widget elementor-widget-heading\" data-id=\"8c475e3\" data-element_type=\"widget\" data-widget_type=\"heading.default\">\n\t\t\t\t<div class=\"elementor-widget-container\">\n\t\t\t<h1 class=\"elementor-heading-title elementor-size-default\">ruhiger Strand<\/h1>\t\t<\/div>\n\t\t\t\t<\/div>\n\t\t\t\t<div class=\"elementor-element elementor-element-eebca75 elementor-widget elementor-widget-text-editor\" data-id=\"eebca75\" data-element_type=\"widget\" data-widget_type=\"text-editor.default\">\n\t\t\t\t<div class=\"elementor-widget-container\">\n\t\t\t\t\t\t\t<p>Das Hotel Elpida Beach liegt nur 10 m vom Strand entfernt.Genie\u00dfen Sie saubere und breite Str\u00e4nde, ideal f\u00fcr Kinder. Ruhig genug, um eine Pause von den gro\u00dfen Menschenmassen zu nehmen.<\/p>\n<p>Eingebettet in die Arme der Natur und gebadet in den sanften Strahlen der Sonne, l\u00e4dt unser einladendes Schwimmbad Sie zu einem Tag der Entspannung ein. Lehnen Sie sich auf unseren bequemen Liegen zur\u00fcck und schl\u00fcrfen Sie k\u00fchle Cocktails aus unserer All-inclusive-Bar.<\/p>\t\t\t\t\t\t<\/div>\n\t\t\t\t<\/div>\n\t\t\t\t\t<\/div>\n\t\t\t\t<\/div>\n\t\t<div class=\"elementor-element elementor-element-bb1f6e3 e-con-full e-flex e-con e-parent\" data-id=\"bb1f6e3\" data-element_type=\"container\" data-settings=\"{&quot;background_background&quot;:&quot;classic&quot;,&quot;jet_parallax_layout_list&quot;:[]}\">\n\t\t<div class=\"elementor-element elementor-element-e2fd7ba e-con-full e-flex e-con e-child\" data-id=\"e2fd7ba\" data-element_type=\"container\" data-settings=\"{&quot;jet_parallax_layout_list&quot;:[],&quot;background_background&quot;:&quot;classic&quot;}\">\n\t\t\t\t<div class=\"elementor-element elementor-element-42aa5e3 elementor-widget elementor-widget-heading\" data-id=\"42aa5e3\" data-element_type=\"widget\" data-widget_type=\"heading.default\">\n\t\t\t\t<div class=\"elementor-widget-container\">\n\t\t\t<h4 class=\"elementor-heading-title elementor-size-default\">F\u00fcr die Kleinen. . .<\/h4>\t\t<\/div>\n\t\t\t\t<\/div>\n\t\t\t\t<div class=\"elementor-element elementor-element-d95bcaf elementor-widget elementor-widget-text-editor\" data-id=\"d95bcaf\" data-element_type=\"widget\" data-widget_type=\"text-editor.default\">\n\t\t\t\t<div class=\"elementor-widget-container\">\n\t\t\t\t\t\t\t<p>W\u00e4hrend Sie sich entspannen, k\u00f6nnen Sie sich darauf verlassen, dass unsere Animateure die Kleinen unterhalten und Ihnen unbeschwerte Momente bescheren. F\u00fcr zus\u00e4tzlichen Nervenkitzel sorgt ein waghalsiger Sprung in unsere aufregende Wasserrutsche.<\/p>\n\t\t\t\t\t\t<\/div>\n\t\t\t\t<\/div>\n\t\t\t\t<\/div>\n\t\t\t\t<\/div>\n\t\t\t\t<\/div>\n\t\t","protected":false},"excerpt":{"rendered":"<p>ruhiger Strand Das Hotel Elpida Beach liegt nur 10 m vom Strand entfernt.Genie\u00dfen Sie saubere und breite Str\u00e4nde, ideal f\u00fcr Kinder. Ruhig genug, um eine Pause von den gro\u00dfen Menschenmassen zu nehmen. Eingebettet in die Arme der Natur und gebadet in den sanften Strahlen der Sonne, l\u00e4dt unser einladendes Schwimmbad Sie zu einem Tag der [&hellip;]<\/p>\n","protected":false},"author":1,"featured_media":0,"parent":0,"menu_order":0,"comment_status":"closed","ping_status":"closed","template":"elementor_theme","meta":{"rank_math_lock_modified_date":false,"_jf_save_progress":"","footnotes":""},"class_list":["post-3723","page","type-page","status-publish","hentry"],"_links":{"self":[{"href":"https:\/\/elpidabeach.bg\/de\/wp-json\/wp\/v2\/pages\/3723"}],"collection":[{"href":"https:\/\/elpidabeach.bg\/de\/wp-json\/wp\/v2\/pages"}],"about":[{"href":"https:\/\/elpidabeach.bg\/de\/wp-json\/wp\/v2\/types\/page"}],"author":[{"embeddable":true,"href":"https:\/\/elpidabeach.bg\/de\/wp-json\/wp\/v2\/users\/1"}],"replies":[{"embeddable":true,"href":"https:\/\/elpidabeach.bg\/de\/wp-json\/wp\/v2\/comments?post=3723"}],"version-history":[{"count":0,"href":"https:\/\/elpidabeach.bg\/de\/wp-json\/wp\/v2\/pages\/3723\/revisions"}],"wp:attachment":[{"href":"https:\/\/elpidabeach.bg\/de\/wp-json\/wp\/v2\/media?parent=3723"}],"curies":[{"name":"wp","href":"https:\/\/api.w.org\/{rel}","templated":true}]}}