{"id":3748,"date":"2023-10-17T11:41:07","date_gmt":"2023-10-17T09:41:07","guid":{"rendered":"https:\/\/elpidabeach.bg\/business-und-veranstaltungen\/"},"modified":"2024-02-23T09:32:56","modified_gmt":"2024-02-23T07:32:56","slug":"business-und-veranstaltungen","status":"publish","type":"page","link":"https:\/\/elpidabeach.bg\/de\/business-und-veranstaltungen\/","title":{"rendered":"Business und Veranstaltungen"},"content":{"rendered":"\t\t<div data-elementor-type=\"wp-page\" data-elementor-id=\"3748\" class=\"elementor elementor-3748 elementor-25\">\n\t\t\t\t<div class=\"elementor-element elementor-element-8839da3 e-flex e-con-boxed e-con e-parent\" data-id=\"8839da3\" data-element_type=\"container\" data-settings=\"{&quot;background_background&quot;:&quot;classic&quot;,&quot;jet_parallax_layout_list&quot;:[]}\">\n\t\t\t\t\t<div class=\"e-con-inner\">\n\t\t<div class=\"elementor-element elementor-element-fa2aaf2 elementor-hidden-tablet elementor-hidden-mobile e-flex e-con-boxed e-con e-child\" data-id=\"fa2aaf2\" data-element_type=\"container\" data-settings=\"{&quot;position&quot;:&quot;absolute&quot;,&quot;jet_parallax_layout_list&quot;:[]}\">\n\t\t\t\t\t<div class=\"e-con-inner\">\n\t\t\t\t<div class=\"elementor-element elementor-element-93deb3f elementor-widget elementor-widget-html\" data-id=\"93deb3f\" data-element_type=\"widget\" data-widget_type=\"html.default\">\n\t\t\t\t<div class=\"elementor-widget-container\">\n\t\t\t<div class=\"wp-webhotelier\">\r\n        <form \r\n    id=\"form-wp-webhotelier-s-1\" \r\n    method=\"POST\" \r\n    action=\"https:\/\/vemarabeach.reserve-online.net\" \r\n    class=\"wp-webhotelier-form \" \r\n    data-default-date=\"2026-05-01\" \r\n    data-closing-date=\"2026-10-30\"\r\n    data-opening-date=\"2026-05-01\"\r\n    target=\"_blank\"\r\n    >\r\n        <div class=\"wp-webhotelier-form-wrap\">\r\n                        <div class=\"wp-webhotelier-fields\">\r\n                                    <div class=\"wp-webhotelier-control-group\">\r\n                        <div class=\"wp-webhotelier-control-input\">\r\n                            <label for=\"wp-webhotelier-checkin-s-1\">Check-in<\/label>\r\n                            <input type=\"text\" id=\"wp-webhotelier-checkin-s-1\" name=\"checkin\" value=\"\" \/>\r\n                        <\/div>\r\n                    <\/div>\r\n                    <div class=\"wp-webhotelier-control-group\">\r\n                                                    <label for=\"wp-webhotelier-checkout-s-1\">Check-out<\/label>\r\n                            <input type=\"text\" id=\"wp-webhotelier-checkout-s-1\" name=\"checkout\" value=\"\" \/>\r\n                                            <\/div>\r\n                                        <div class=\"wp-webhotelier-control-group\">\r\n                        <label for=\"wp-webhotelier-rooms-s-1\">Rooms<\/label>\r\n                        <select name=\"rooms\" id=\"wp-webhotelier-rooms-s-1\">\r\n                                                            <option value=\"1\" selected=\"selected\">\r\n                                    1                                <\/option>\r\n                                                    <\/select>\r\n                    <\/div>\r\n                    <div class=\"wp-webhotelier-control-group\">\r\n                        <label for=\"wp-webhotelier-adults-s-1\">Adults<\/label>\r\n                        <select name=\"adults\" id=\"wp-webhotelier-adults-s-1\">\r\n                                                            <option value=\"1\" >\r\n                                    1                                <\/option>\r\n                                                            <option value=\"2\" selected=\"selected\">\r\n                                    2                                <\/option>\r\n                                                            <option value=\"3\" >\r\n                                    3                                <\/option>\r\n                                                            <option value=\"4\" >\r\n                                    4                                <\/option>\r\n                                                    <\/select>\r\n                    <\/div>\r\n                                            <div class=\"wp-webhotelier-control-group\">\r\n                            <label for=\"wp-webhotelier-children-s-1\">Children<\/label>\r\n                            <select name=\"children\" id=\"wp-webhotelier-children-s-1\">\r\n                                                                    <option value=\"0\" selected=\"selected\">\r\n                                        0                                    <\/option>\r\n                                                                    <option value=\"1\" >\r\n                                        1                                    <\/option>\r\n                                                                    <option value=\"2\" >\r\n                                        2                                    <\/option>\r\n                                                            <\/select>\r\n                        <\/div>\r\n                                                                <div class=\"wp-webhotelier-control-group\">\r\n                            <label for=\"wp-webhotelier-infants-s-1\">Infants<\/label>\r\n                            <select name=\"infants\" id=\"wp-webhotelier-infants-s-1\">\r\n                                                                    <option value=\"0\" selected=\"selected\">\r\n                                        0                                    <\/option>\r\n                                                                    <option value=\"1\" >\r\n                                        1                                    <\/option>\r\n                                                                    <option value=\"2\" >\r\n                                        2                                    <\/option>\r\n                                                                    <option value=\"3\" >\r\n                                        3                                    <\/option>\r\n                                                                    <option value=\"4\" >\r\n                                        4                                    <\/option>\r\n                                                            <\/select>\r\n                        <\/div>\r\n                                        <div class=\"wp-webhotelier-control-group\">\r\n                        <button class=\"wp-webhotelier-button\" type=\"submit\" id=\"wp-webhotelier-submit-s-1\">\r\n                            Search availability                        <\/button>\r\n                    <\/div>\r\n                                <\/div>\r\n                    <\/div>\r\n        <input type=\"hidden\" name=\"lang\" value=\"de\">\r\n    <\/form>\r\n    <\/div>\t\t<\/div>\n\t\t\t\t<\/div>\n\t\t\t\t\t<\/div>\n\t\t\t\t<\/div>\n\t\t\t\t\t<\/div>\n\t\t\t\t<\/div>\n\t\t<div class=\"elementor-element elementor-element-c4c89b6 e-con-full elementor-hidden-widescreen elementor-hidden-desktop e-flex e-con e-parent\" data-id=\"c4c89b6\" data-element_type=\"container\" data-settings=\"{&quot;background_background&quot;:&quot;classic&quot;,&quot;jet_parallax_layout_list&quot;:[]}\">\n\t\t\t\t<div class=\"elementor-element elementor-element-1283086 elementor-widget elementor-widget-html\" data-id=\"1283086\" data-element_type=\"widget\" data-widget_type=\"html.default\">\n\t\t\t\t<div class=\"elementor-widget-container\">\n\t\t\t<div class=\"wp-webhotelier\">\r\n        <form \r\n    id=\"form-wp-webhotelier-s-2\" \r\n    method=\"POST\" \r\n    action=\"https:\/\/vemarabeach.reserve-online.net\" \r\n    class=\"wp-webhotelier-form \" \r\n    data-default-date=\"2026-05-01\" \r\n    data-closing-date=\"2026-10-30\"\r\n    data-opening-date=\"2026-05-01\"\r\n    target=\"_blank\"\r\n    >\r\n        <div class=\"wp-webhotelier-form-wrap\">\r\n                        <div class=\"wp-webhotelier-fields\">\r\n                                    <div class=\"wp-webhotelier-control-group\">\r\n                        <div class=\"wp-webhotelier-control-input\">\r\n                            <label for=\"wp-webhotelier-checkin-s-2\">Check-in<\/label>\r\n                            <input type=\"text\" id=\"wp-webhotelier-checkin-s-2\" name=\"checkin\" value=\"\" \/>\r\n                        <\/div>\r\n                    <\/div>\r\n                    <div class=\"wp-webhotelier-control-group\">\r\n                                                    <label for=\"wp-webhotelier-checkout-s-2\">Check-out<\/label>\r\n                            <input type=\"text\" id=\"wp-webhotelier-checkout-s-2\" name=\"checkout\" value=\"\" \/>\r\n                                            <\/div>\r\n                                        <div class=\"wp-webhotelier-control-group\">\r\n                        <label for=\"wp-webhotelier-rooms-s-2\">Rooms<\/label>\r\n                        <select name=\"rooms\" id=\"wp-webhotelier-rooms-s-2\">\r\n                                                            <option value=\"1\" selected=\"selected\">\r\n                                    1                                <\/option>\r\n                                                    <\/select>\r\n                    <\/div>\r\n                    <div class=\"wp-webhotelier-control-group\">\r\n                        <label for=\"wp-webhotelier-adults-s-2\">Adults<\/label>\r\n                        <select name=\"adults\" id=\"wp-webhotelier-adults-s-2\">\r\n                                                            <option value=\"1\" >\r\n                                    1                                <\/option>\r\n                                                            <option value=\"2\" selected=\"selected\">\r\n                                    2                                <\/option>\r\n                                                            <option value=\"3\" >\r\n                                    3                                <\/option>\r\n                                                            <option value=\"4\" >\r\n                                    4                                <\/option>\r\n                                                    <\/select>\r\n                    <\/div>\r\n                                            <div class=\"wp-webhotelier-control-group\">\r\n                            <label for=\"wp-webhotelier-children-s-2\">Children<\/label>\r\n                            <select name=\"children\" id=\"wp-webhotelier-children-s-2\">\r\n                                                                    <option value=\"0\" selected=\"selected\">\r\n                                        0                                    <\/option>\r\n                                                                    <option value=\"1\" >\r\n                                        1                                    <\/option>\r\n                                                                    <option value=\"2\" >\r\n                                        2                                    <\/option>\r\n                                                            <\/select>\r\n                        <\/div>\r\n                                                                <div class=\"wp-webhotelier-control-group\">\r\n                            <label for=\"wp-webhotelier-infants-s-2\">Infants<\/label>\r\n                            <select name=\"infants\" id=\"wp-webhotelier-infants-s-2\">\r\n                                                                    <option value=\"0\" selected=\"selected\">\r\n                                        0                                    <\/option>\r\n                                                                    <option value=\"1\" >\r\n                                        1                                    <\/option>\r\n                                                                    <option value=\"2\" >\r\n                                        2                                    <\/option>\r\n                                                                    <option value=\"3\" >\r\n                                        3                                    <\/option>\r\n                                                                    <option value=\"4\" >\r\n                                        4                                    <\/option>\r\n                                                            <\/select>\r\n                        <\/div>\r\n                                        <div class=\"wp-webhotelier-control-group\">\r\n                        <button class=\"wp-webhotelier-button\" type=\"submit\" id=\"wp-webhotelier-submit-s-2\">\r\n                            Search availability                        <\/button>\r\n                    <\/div>\r\n                                <\/div>\r\n                    <\/div>\r\n        <input type=\"hidden\" name=\"lang\" value=\"de\">\r\n    <\/form>\r\n    <\/div>\t\t<\/div>\n\t\t\t\t<\/div>\n\t\t\t\t<\/div>\n\t\t<div class=\"elementor-element elementor-element-7d8193a e-flex e-con-boxed e-con e-parent\" data-id=\"7d8193a\" data-element_type=\"container\" data-settings=\"{&quot;background_background&quot;:&quot;classic&quot;,&quot;jet_parallax_layout_list&quot;:[]}\">\n\t\t\t\t\t<div class=\"e-con-inner\">\n\t\t\t\t<div class=\"elementor-element elementor-element-8e824c9 elementor-widget-mobile__width-inherit elementor-widget elementor-widget-heading\" data-id=\"8e824c9\" data-element_type=\"widget\" data-widget_type=\"heading.default\">\n\t\t\t\t<div class=\"elementor-widget-container\">\n\t\t\t<h1 class=\"elementor-heading-title elementor-size-default\">Teambildung<\/h1>\t\t<\/div>\n\t\t\t\t<\/div>\n\t\t\t\t<div class=\"elementor-element elementor-element-153a2a5 elementor-widget elementor-widget-text-editor\" data-id=\"153a2a5\" data-element_type=\"widget\" data-widget_type=\"text-editor.default\">\n\t\t\t\t<div class=\"elementor-widget-container\">\n\t\t\t\t\t\t\t<p>Entdecken Sie die perfekte Umgebung f\u00fcr die Zusammenarbeit im Team. Gestalten Sie Ihren Aufenthalt individuell, indem Sie aus einer Vielzahl von Hotelzimmern w\u00e4hlen, die auf unterschiedliche Bed\u00fcrfnisse zugeschnitten sind &#8211; sei es ein weitl\u00e4ufiger Meerblick oder eine ger\u00e4umige Suite.<\/p>\n<p>Verbessern Sie die Beziehungen Ihres Teams mit einem All-inclusive-Angebot, bei dem f\u00fcr jeden etwas dabei ist<\/p>\n\t\t\t\t\t\t<\/div>\n\t\t\t\t<\/div>\n\t\t\t\t\t<\/div>\n\t\t\t\t<\/div>\n\t\t<div class=\"elementor-element elementor-element-ae06329 e-flex e-con-boxed e-con e-parent\" data-id=\"ae06329\" data-element_type=\"container\" data-settings=\"{&quot;background_background&quot;:&quot;classic&quot;,&quot;jet_parallax_layout_list&quot;:[]}\">\n\t\t\t\t\t<div class=\"e-con-inner\">\n\t\t\t\t<div class=\"elementor-element elementor-element-8bad24f elementor-widget-mobile__width-inherit elementor-widget elementor-widget-heading\" data-id=\"8bad24f\" data-element_type=\"widget\" data-widget_type=\"heading.default\">\n\t\t\t\t<div class=\"elementor-widget-container\">\n\t\t\t<h2 class=\"elementor-heading-title elementor-size-default\">Motivationsreisen<\/h2>\t\t<\/div>\n\t\t\t\t<\/div>\n\t\t<div class=\"elementor-element elementor-element-235a3cf e-flex e-con-boxed e-con e-child\" data-id=\"235a3cf\" data-element_type=\"container\" data-settings=\"{&quot;jet_parallax_layout_list&quot;:[]}\">\n\t\t\t\t\t<div class=\"e-con-inner\">\n\t\t\t\t<div class=\"elementor-element elementor-element-f6ff58a elementor-widget elementor-widget-text-editor\" data-id=\"f6ff58a\" data-element_type=\"widget\" data-widget_type=\"text-editor.default\">\n\t\t\t\t<div class=\"elementor-widget-container\">\n\t\t\t\t\t\t\t<p>Laden Sie Ihr F\u00fchrungsteam zu einer exklusiven Motivationsreise ein und verbinden Sie gekonnt das N\u00fctzliche mit dem Angenehmen.  <br \/>Unser Hotel bietet die perfekte Umgebung, um sich zu entspannen, neue Energie zu tanken und als Team zusammenzuwachsen. Denken und diskutieren Sie \u00fcber gro\u00dfe Gesch\u00e4ftsideen, und wir k\u00fcmmern uns um den Rest.<\/p>\n\t\t\t\t\t\t<\/div>\n\t\t\t\t<\/div>\n\t\t\t\t\t<\/div>\n\t\t\t\t<\/div>\n\t\t\t\t\t<\/div>\n\t\t\t\t<\/div>\n\t\t<div class=\"elementor-element elementor-element-59e9de5 e-flex e-con-boxed e-con e-parent\" data-id=\"59e9de5\" data-element_type=\"container\" data-settings=\"{&quot;background_background&quot;:&quot;classic&quot;,&quot;jet_parallax_layout_list&quot;:[]}\">\n\t\t\t\t\t<div class=\"e-con-inner\">\n\t\t\t\t<div class=\"elementor-element elementor-element-9362474 elementor-widget elementor-widget-heading\" data-id=\"9362474\" data-element_type=\"widget\" data-widget_type=\"heading.default\">\n\t\t\t\t<div class=\"elementor-widget-container\">\n\t\t\t<h4 class=\"elementor-heading-title elementor-size-default\">Geschenkgutscheine f\u00fcr soziale Zwecke\n<\/h4>\t\t<\/div>\n\t\t\t\t<\/div>\n\t\t\t\t<div class=\"elementor-element elementor-element-af53c16 elementor-widget elementor-widget-text-editor\" data-id=\"af53c16\" data-element_type=\"widget\" data-widget_type=\"text-editor.default\">\n\t\t\t\t<div class=\"elementor-widget-container\">\n\t\t\t\t\t\t\t<p>Schenken Sie Ihren Mitarbeitern unvergessliche Momente!Unsere Hotelgutscheine sind die perfekte Geste, um das Engagement Ihres Teams zu w\u00fcrdigen. Schenken Sie Ihren Mitarbeitern zu Recht einen erholsamen Wochenendausflug.<\/p>\n<p>Zeigen Sie Ihre Wertsch\u00e4tzung mit einem Hauch von Eleganz und schaffen Sie bleibende Erinnerungen f\u00fcr Ihre gesch\u00e4tzten Mitarbeiter. Personalisieren Sie Ihre Gutscheine, sei es f\u00fcr eine bestimmte Anzahl von \u00dcbernachtungen oder einen bestimmten Betrag, der zur Gesamtrechnung beitr\u00e4gt, und machen Sie Ihren gesch\u00e4tzten Mitarbeitern ein pers\u00f6nliches und gesch\u00e4tztes Geschenk.<\/p>\n\t\t\t\t\t\t<\/div>\n\t\t\t\t<\/div>\n\t\t\t\t<div class=\"elementor-element elementor-element-cb960f1 elementor-widget elementor-widget-image\" data-id=\"cb960f1\" data-element_type=\"widget\" data-widget_type=\"image.default\">\n\t\t\t\t<div class=\"elementor-widget-container\">\n\t\t\t\t\t\t\t\t\t\t\t\t\t<img fetchpriority=\"high\" decoding=\"async\" width=\"2560\" height=\"1440\" src=\"https:\/\/elpidabeach.bg\/wp-content\/uploads\/2024\/01\/business-2.webp\" class=\"attachment-full size-full wp-image-2407\" alt=\"\" srcset=\"https:\/\/elpidabeach.bg\/wp-content\/uploads\/2024\/01\/business-2.webp 2560w, https:\/\/elpidabeach.bg\/wp-content\/uploads\/2024\/01\/business-2-1536x864.webp 1536w, https:\/\/elpidabeach.bg\/wp-content\/uploads\/2024\/01\/business-2-2048x1152.webp 2048w\" sizes=\"(max-width: 2560px) 100vw, 2560px\" \/>\t\t\t\t\t\t\t\t\t\t\t\t\t<\/div>\n\t\t\t\t<\/div>\n\t\t\t\t\t<\/div>\n\t\t\t\t<\/div>\n\t\t\t\t<\/div>\n\t\t","protected":false},"excerpt":{"rendered":"<p>Teambildung Entdecken Sie die perfekte Umgebung f\u00fcr die Zusammenarbeit im Team. Gestalten Sie Ihren Aufenthalt individuell, indem Sie aus einer Vielzahl von Hotelzimmern w\u00e4hlen, die auf unterschiedliche Bed\u00fcrfnisse zugeschnitten sind &#8211; sei es ein weitl\u00e4ufiger Meerblick oder eine ger\u00e4umige Suite. Verbessern Sie die Beziehungen Ihres Teams mit einem All-inclusive-Angebot, bei dem f\u00fcr jeden etwas dabei [&hellip;]<\/p>\n","protected":false},"author":1,"featured_media":0,"parent":0,"menu_order":0,"comment_status":"closed","ping_status":"closed","template":"elementor_theme","meta":{"rank_math_lock_modified_date":false,"_jf_save_progress":"","footnotes":""},"class_list":["post-3748","page","type-page","status-publish","hentry"],"_links":{"self":[{"href":"https:\/\/elpidabeach.bg\/de\/wp-json\/wp\/v2\/pages\/3748"}],"collection":[{"href":"https:\/\/elpidabeach.bg\/de\/wp-json\/wp\/v2\/pages"}],"about":[{"href":"https:\/\/elpidabeach.bg\/de\/wp-json\/wp\/v2\/types\/page"}],"author":[{"embeddable":true,"href":"https:\/\/elpidabeach.bg\/de\/wp-json\/wp\/v2\/users\/1"}],"replies":[{"embeddable":true,"href":"https:\/\/elpidabeach.bg\/de\/wp-json\/wp\/v2\/comments?post=3748"}],"version-history":[{"count":0,"href":"https:\/\/elpidabeach.bg\/de\/wp-json\/wp\/v2\/pages\/3748\/revisions"}],"wp:attachment":[{"href":"https:\/\/elpidabeach.bg\/de\/wp-json\/wp\/v2\/media?parent=3748"}],"curies":[{"name":"wp","href":"https:\/\/api.w.org\/{rel}","templated":true}]}}