{"id":3686,"date":"2023-10-17T11:40:41","date_gmt":"2023-10-17T09:40:41","guid":{"rendered":"https:\/\/elpidabeach.bg\/totul-inclus\/"},"modified":"2024-02-23T09:32:46","modified_gmt":"2024-02-23T07:32:46","slug":"totul-inclus","status":"publish","type":"page","link":"https:\/\/elpidabeach.bg\/ro\/totul-inclus\/","title":{"rendered":"Totul inclus"},"content":{"rendered":"\t\t<div data-elementor-type=\"wp-page\" data-elementor-id=\"3686\" class=\"elementor elementor-3686 elementor-19\">\n\t\t\t\t<div class=\"elementor-element elementor-element-eb80bf3 e-flex e-con-boxed e-con e-parent\" data-id=\"eb80bf3\" data-element_type=\"container\" data-settings=\"{&quot;background_background&quot;:&quot;classic&quot;,&quot;jet_parallax_layout_list&quot;:[]}\">\n\t\t\t\t\t<div class=\"e-con-inner\">\n\t\t<div class=\"elementor-element elementor-element-69976dd elementor-hidden-tablet elementor-hidden-mobile e-flex e-con-boxed e-con e-child\" data-id=\"69976dd\" data-element_type=\"container\" data-settings=\"{&quot;position&quot;:&quot;absolute&quot;,&quot;jet_parallax_layout_list&quot;:[]}\">\n\t\t\t\t\t<div class=\"e-con-inner\">\n\t\t\t\t<div class=\"elementor-element elementor-element-d9e90af elementor-widget elementor-widget-html\" data-id=\"d9e90af\" data-element_type=\"widget\" data-widget_type=\"html.default\">\n\t\t\t\t<div class=\"elementor-widget-container\">\n\t\t\t<div class=\"wp-webhotelier\">\r\n        <form \r\n    id=\"form-wp-webhotelier-s-1\" \r\n    method=\"POST\" \r\n    action=\"https:\/\/vemarabeach.reserve-online.net\" \r\n    class=\"wp-webhotelier-form \" \r\n    data-default-date=\"2026-05-01\" \r\n    data-closing-date=\"2026-10-30\"\r\n    data-opening-date=\"2026-05-01\"\r\n    target=\"_blank\"\r\n    >\r\n        <div class=\"wp-webhotelier-form-wrap\">\r\n                        <div class=\"wp-webhotelier-fields\">\r\n                                    <div class=\"wp-webhotelier-control-group\">\r\n                        <div class=\"wp-webhotelier-control-input\">\r\n                            <label for=\"wp-webhotelier-checkin-s-1\">Check-in<\/label>\r\n                            <input type=\"text\" id=\"wp-webhotelier-checkin-s-1\" name=\"checkin\" value=\"\" \/>\r\n                        <\/div>\r\n                    <\/div>\r\n                    <div class=\"wp-webhotelier-control-group\">\r\n                                                    <label for=\"wp-webhotelier-checkout-s-1\">Check-out<\/label>\r\n                            <input type=\"text\" id=\"wp-webhotelier-checkout-s-1\" name=\"checkout\" value=\"\" \/>\r\n                                            <\/div>\r\n                                        <div class=\"wp-webhotelier-control-group\">\r\n                        <label for=\"wp-webhotelier-rooms-s-1\">Rooms<\/label>\r\n                        <select name=\"rooms\" id=\"wp-webhotelier-rooms-s-1\">\r\n                                                            <option value=\"1\" selected=\"selected\">\r\n                                    1                                <\/option>\r\n                                                    <\/select>\r\n                    <\/div>\r\n                    <div class=\"wp-webhotelier-control-group\">\r\n                        <label for=\"wp-webhotelier-adults-s-1\">Adults<\/label>\r\n                        <select name=\"adults\" id=\"wp-webhotelier-adults-s-1\">\r\n                                                            <option value=\"1\" >\r\n                                    1                                <\/option>\r\n                                                            <option value=\"2\" selected=\"selected\">\r\n                                    2                                <\/option>\r\n                                                            <option value=\"3\" >\r\n                                    3                                <\/option>\r\n                                                            <option value=\"4\" >\r\n                                    4                                <\/option>\r\n                                                    <\/select>\r\n                    <\/div>\r\n                                            <div class=\"wp-webhotelier-control-group\">\r\n                            <label for=\"wp-webhotelier-children-s-1\">Children<\/label>\r\n                            <select name=\"children\" id=\"wp-webhotelier-children-s-1\">\r\n                                                                    <option value=\"0\" selected=\"selected\">\r\n                                        0                                    <\/option>\r\n                                                                    <option value=\"1\" >\r\n                                        1                                    <\/option>\r\n                                                                    <option value=\"2\" >\r\n                                        2                                    <\/option>\r\n                                                            <\/select>\r\n                        <\/div>\r\n                                                                <div class=\"wp-webhotelier-control-group\">\r\n                            <label for=\"wp-webhotelier-infants-s-1\">Infants<\/label>\r\n                            <select name=\"infants\" id=\"wp-webhotelier-infants-s-1\">\r\n                                                                    <option value=\"0\" selected=\"selected\">\r\n                                        0                                    <\/option>\r\n                                                                    <option value=\"1\" >\r\n                                        1                                    <\/option>\r\n                                                                    <option value=\"2\" >\r\n                                        2                                    <\/option>\r\n                                                                    <option value=\"3\" >\r\n                                        3                                    <\/option>\r\n                                                                    <option value=\"4\" >\r\n                                        4                                    <\/option>\r\n                                                            <\/select>\r\n                        <\/div>\r\n                                        <div class=\"wp-webhotelier-control-group\">\r\n                        <button class=\"wp-webhotelier-button\" type=\"submit\" id=\"wp-webhotelier-submit-s-1\">\r\n                            Search availability                        <\/button>\r\n                    <\/div>\r\n                                <\/div>\r\n                    <\/div>\r\n        <input type=\"hidden\" name=\"lang\" value=\"ro\">\r\n    <\/form>\r\n    <\/div>\t\t<\/div>\n\t\t\t\t<\/div>\n\t\t\t\t\t<\/div>\n\t\t\t\t<\/div>\n\t\t\t\t\t<\/div>\n\t\t\t\t<\/div>\n\t\t<div class=\"elementor-element elementor-element-eee4acc e-con-full elementor-hidden-widescreen elementor-hidden-desktop e-flex e-con e-parent\" data-id=\"eee4acc\" data-element_type=\"container\" data-settings=\"{&quot;background_background&quot;:&quot;classic&quot;,&quot;jet_parallax_layout_list&quot;:[]}\">\n\t\t\t\t<div class=\"elementor-element elementor-element-28ace6a elementor-widget elementor-widget-html\" data-id=\"28ace6a\" data-element_type=\"widget\" data-widget_type=\"html.default\">\n\t\t\t\t<div class=\"elementor-widget-container\">\n\t\t\t<div class=\"wp-webhotelier\">\r\n        <form \r\n    id=\"form-wp-webhotelier-s-2\" \r\n    method=\"POST\" \r\n    action=\"https:\/\/vemarabeach.reserve-online.net\" \r\n    class=\"wp-webhotelier-form \" \r\n    data-default-date=\"2026-05-01\" \r\n    data-closing-date=\"2026-10-30\"\r\n    data-opening-date=\"2026-05-01\"\r\n    target=\"_blank\"\r\n    >\r\n        <div class=\"wp-webhotelier-form-wrap\">\r\n                        <div class=\"wp-webhotelier-fields\">\r\n                                    <div class=\"wp-webhotelier-control-group\">\r\n                        <div class=\"wp-webhotelier-control-input\">\r\n                            <label for=\"wp-webhotelier-checkin-s-2\">Check-in<\/label>\r\n                            <input type=\"text\" id=\"wp-webhotelier-checkin-s-2\" name=\"checkin\" value=\"\" \/>\r\n                        <\/div>\r\n                    <\/div>\r\n                    <div class=\"wp-webhotelier-control-group\">\r\n                                                    <label for=\"wp-webhotelier-checkout-s-2\">Check-out<\/label>\r\n                            <input type=\"text\" id=\"wp-webhotelier-checkout-s-2\" name=\"checkout\" value=\"\" \/>\r\n                                            <\/div>\r\n                                        <div class=\"wp-webhotelier-control-group\">\r\n                        <label for=\"wp-webhotelier-rooms-s-2\">Rooms<\/label>\r\n                        <select name=\"rooms\" id=\"wp-webhotelier-rooms-s-2\">\r\n                                                            <option value=\"1\" selected=\"selected\">\r\n                                    1                                <\/option>\r\n                                                    <\/select>\r\n                    <\/div>\r\n                    <div class=\"wp-webhotelier-control-group\">\r\n                        <label for=\"wp-webhotelier-adults-s-2\">Adults<\/label>\r\n                        <select name=\"adults\" id=\"wp-webhotelier-adults-s-2\">\r\n                                                            <option value=\"1\" >\r\n                                    1                                <\/option>\r\n                                                            <option value=\"2\" selected=\"selected\">\r\n                                    2                                <\/option>\r\n                                                            <option value=\"3\" >\r\n                                    3                                <\/option>\r\n                                                            <option value=\"4\" >\r\n                                    4                                <\/option>\r\n                                                    <\/select>\r\n                    <\/div>\r\n                                            <div class=\"wp-webhotelier-control-group\">\r\n                            <label for=\"wp-webhotelier-children-s-2\">Children<\/label>\r\n                            <select name=\"children\" id=\"wp-webhotelier-children-s-2\">\r\n                                                                    <option value=\"0\" selected=\"selected\">\r\n                                        0                                    <\/option>\r\n                                                                    <option value=\"1\" >\r\n                                        1                                    <\/option>\r\n                                                                    <option value=\"2\" >\r\n                                        2                                    <\/option>\r\n                                                            <\/select>\r\n                        <\/div>\r\n                                                                <div class=\"wp-webhotelier-control-group\">\r\n                            <label for=\"wp-webhotelier-infants-s-2\">Infants<\/label>\r\n                            <select name=\"infants\" id=\"wp-webhotelier-infants-s-2\">\r\n                                                                    <option value=\"0\" selected=\"selected\">\r\n                                        0                                    <\/option>\r\n                                                                    <option value=\"1\" >\r\n                                        1                                    <\/option>\r\n                                                                    <option value=\"2\" >\r\n                                        2                                    <\/option>\r\n                                                                    <option value=\"3\" >\r\n                                        3                                    <\/option>\r\n                                                                    <option value=\"4\" >\r\n                                        4                                    <\/option>\r\n                                                            <\/select>\r\n                        <\/div>\r\n                                        <div class=\"wp-webhotelier-control-group\">\r\n                        <button class=\"wp-webhotelier-button\" type=\"submit\" id=\"wp-webhotelier-submit-s-2\">\r\n                            Search availability                        <\/button>\r\n                    <\/div>\r\n                                <\/div>\r\n                    <\/div>\r\n        <input type=\"hidden\" name=\"lang\" value=\"ro\">\r\n    <\/form>\r\n    <\/div>\t\t<\/div>\n\t\t\t\t<\/div>\n\t\t\t\t<\/div>\n\t\t<div class=\"elementor-element elementor-element-cc7c99b e-flex e-con-boxed e-con e-parent\" data-id=\"cc7c99b\" data-element_type=\"container\" data-settings=\"{&quot;jet_parallax_layout_list&quot;:[],&quot;background_background&quot;:&quot;classic&quot;}\">\n\t\t\t\t\t<div class=\"e-con-inner\">\n\t\t\t\t<div class=\"elementor-element elementor-element-bdcc871 elementor-widget-mobile__width-inherit elementor-widget elementor-widget-heading\" data-id=\"bdcc871\" data-element_type=\"widget\" data-widget_type=\"heading.default\">\n\t\t\t\t<div class=\"elementor-widget-container\">\n\t\t\t<h2 class=\"elementor-heading-title elementor-size-default\">all inclusive<\/h2>\t\t<\/div>\n\t\t\t\t<\/div>\n\t\t\t\t<div class=\"elementor-element elementor-element-bc158b9 elementor-widget elementor-widget-text-editor\" data-id=\"bc158b9\" data-element_type=\"widget\" data-widget_type=\"text-editor.default\">\n\t\t\t\t<div class=\"elementor-widget-container\">\n\t\t\t\t\t\t\t<p>Cufunda\u021bi-v\u0103 \u00een confort cu pachetul nostru All Inclusive, conceput cu meticulozitate pentru cei care caut\u0103 confort \u0219i u\u0219urin\u021b\u0103 de neegalat.Mesele dvs. devin momente pre\u021bioase pline de delicii de familie, \u00een care fiecare membru a\u0219teapt\u0103 cu ner\u0103bdare micul dejun, pr\u00e2nzul \u0219i cina.&nbsp;<\/p>\n<p>Dar surprizele nu se opresc aici &#8211; pachetul nostru All-Inclusive se extinde la un meniu de b\u0103uturi tentante la barul de la piscin\u0103, pentru o prospe\u021bime irezistibil\u0103 \u00een orice moment.<\/p>\n\t\t\t\t\t\t<\/div>\n\t\t\t\t<\/div>\n\t\t\t\t\t<\/div>\n\t\t\t\t<\/div>\n\t\t<div class=\"elementor-element elementor-element-dcfc5ac e-flex e-con-boxed e-con e-parent\" data-id=\"dcfc5ac\" data-element_type=\"container\" data-settings=\"{&quot;background_background&quot;:&quot;classic&quot;,&quot;jet_parallax_layout_list&quot;:[]}\">\n\t\t\t\t\t<div class=\"e-con-inner\">\n\t\t\t\t<div class=\"elementor-element elementor-element-acd8af3 elementor-icon-list--layout-inline elementor-align-center elementor-mobile-align-center elementor-list-item-link-full_width elementor-widget elementor-widget-icon-list\" data-id=\"acd8af3\" data-element_type=\"widget\" data-widget_type=\"icon-list.default\">\n\t\t\t\t<div class=\"elementor-widget-container\">\n\t\t\t\t\t<ul class=\"elementor-icon-list-items elementor-inline-items\">\n\t\t\t\t\t\t\t<li class=\"elementor-icon-list-item elementor-inline-item\">\n\t\t\t\t\t\t\t\t\t\t<span class=\"elementor-icon-list-text\">Mic dejun: 07:30 - 10:00<\/span>\n\t\t\t\t\t\t\t\t\t<\/li>\n\t\t\t\t\t\t\t\t<li class=\"elementor-icon-list-item elementor-inline-item\">\n\t\t\t\t\t\t\t\t\t\t<span class=\"elementor-icon-list-text\">Pr\u00e2nz: 12:00 - 14:00<\/span>\n\t\t\t\t\t\t\t\t\t<\/li>\n\t\t\t\t\t\t\t\t<li class=\"elementor-icon-list-item elementor-inline-item\">\n\t\t\t\t\t\t\t\t\t\t<span class=\"elementor-icon-list-text\">Cin\u0103: 18:00 - 21:00<\/span>\n\t\t\t\t\t\t\t\t\t<\/li>\n\t\t\t\t\t\t<\/ul>\n\t\t\t\t<\/div>\n\t\t\t\t<\/div>\n\t\t\t\t\t<\/div>\n\t\t\t\t<\/div>\n\t\t<div class=\"elementor-element elementor-element-9a98bc6 e-con-full e-flex e-con e-parent\" data-id=\"9a98bc6\" data-element_type=\"container\" data-settings=\"{&quot;background_background&quot;:&quot;classic&quot;,&quot;jet_parallax_layout_list&quot;:[]}\">\n\t\t\t\t<div class=\"elementor-element elementor-element-9914aea elementor-widget elementor-widget-jet-carousel\" data-id=\"9914aea\" data-element_type=\"widget\" data-settings=\"{&quot;slides_to_show&quot;:&quot;4&quot;,&quot;slides_to_show_mobile&quot;:&quot;1&quot;,&quot;slides_to_scroll&quot;:&quot;1&quot;}\" data-widget_type=\"jet-carousel.default\">\n\t\t\t\t<div class=\"elementor-widget-container\">\n\t\t\t<div class=\"elementor-jet-carousel jet-elements\"><div class=\"jet-carousel-wrap\">\n\t<div class=\"jet-carousel\" data-slider_options=\"{&quot;autoplaySpeed&quot;:10000,&quot;autoplay&quot;:true,&quot;infinite&quot;:true,&quot;centerMode&quot;:true,&quot;centerPadding&quot;:&quot;50px&quot;,&quot;pauseOnHover&quot;:false,&quot;speed&quot;:700,&quot;arrows&quot;:false,&quot;dots&quot;:false,&quot;variableWidth&quot;:false,&quot;prevArrow&quot;:&quot;.jet-carousel__prev-arrow-9914aea&quot;,&quot;nextArrow&quot;:&quot;.jet-carousel__next-arrow-9914aea&quot;,&quot;rtl&quot;:false,&quot;fractionNav&quot;:false}\" dir=\"ltr\">\n\t<div class=\"elementor-slick-slider\">\n\n<div class=\"jet-carousel__item\">\n\t<div class=\"jet-carousel__item-inner\"><a href=\"https:\/\/elpidabeach.bg\/wp-content\/uploads\/2024\/01\/1-1.webp\" class=\"jet-carousel__item-link\" data-elementor-open-lightbox=\"yes\" data-elementor-lightbox-slideshow=\"9914aea\"  ><img decoding=\"async\" src=\"https:\/\/elpidabeach.bg\/wp-content\/uploads\/2024\/01\/1-1.webp\" class=\"jet-carousel__item-img\" alt=\"1\" loading=\"lazy\"><\/a><div class=\"jet-carousel__content\"><\/div><\/div>\n<\/div>\n\n<div class=\"jet-carousel__item\">\n\t<div class=\"jet-carousel__item-inner\"><a href=\"https:\/\/elpidabeach.bg\/wp-content\/uploads\/2024\/01\/2.webp\" class=\"jet-carousel__item-link\" data-elementor-open-lightbox=\"yes\" data-elementor-lightbox-slideshow=\"9914aea\"  ><img decoding=\"async\" src=\"https:\/\/elpidabeach.bg\/wp-content\/uploads\/2024\/01\/2.webp\" class=\"jet-carousel__item-img\" alt=\"2\" loading=\"lazy\"><\/a><div class=\"jet-carousel__content\"><\/div><\/div>\n<\/div>\n\n<div class=\"jet-carousel__item\">\n\t<div class=\"jet-carousel__item-inner\"><a href=\"https:\/\/elpidabeach.bg\/wp-content\/uploads\/2024\/01\/3.webp\" class=\"jet-carousel__item-link\" data-elementor-open-lightbox=\"yes\" data-elementor-lightbox-slideshow=\"9914aea\"  ><img decoding=\"async\" src=\"https:\/\/elpidabeach.bg\/wp-content\/uploads\/2024\/01\/3.webp\" class=\"jet-carousel__item-img\" alt=\"3\" loading=\"lazy\"><\/a><div class=\"jet-carousel__content\"><\/div><\/div>\n<\/div>\n\n<div class=\"jet-carousel__item\">\n\t<div class=\"jet-carousel__item-inner\"><a href=\"https:\/\/elpidabeach.bg\/wp-content\/uploads\/2024\/01\/4.webp\" class=\"jet-carousel__item-link\" data-elementor-open-lightbox=\"yes\" data-elementor-lightbox-slideshow=\"9914aea\"  ><img decoding=\"async\" src=\"https:\/\/elpidabeach.bg\/wp-content\/uploads\/2024\/01\/4.webp\" class=\"jet-carousel__item-img\" alt=\"4\" loading=\"lazy\"><\/a><div class=\"jet-carousel__content\"><\/div><\/div>\n<\/div>\n\n<div class=\"jet-carousel__item\">\n\t<div class=\"jet-carousel__item-inner\"><a href=\"https:\/\/elpidabeach.bg\/wp-content\/uploads\/2024\/01\/5.webp\" class=\"jet-carousel__item-link\" data-elementor-open-lightbox=\"yes\" data-elementor-lightbox-slideshow=\"9914aea\"  ><img decoding=\"async\" src=\"https:\/\/elpidabeach.bg\/wp-content\/uploads\/2024\/01\/5.webp\" class=\"jet-carousel__item-img\" alt=\"5\" loading=\"lazy\"><\/a><div class=\"jet-carousel__content\"><\/div><\/div>\n<\/div>\n\n<div class=\"jet-carousel__item\">\n\t<div class=\"jet-carousel__item-inner\"><a href=\"https:\/\/elpidabeach.bg\/wp-content\/uploads\/2024\/01\/6.webp\" class=\"jet-carousel__item-link\" data-elementor-open-lightbox=\"yes\" data-elementor-lightbox-slideshow=\"9914aea\"  ><img decoding=\"async\" src=\"https:\/\/elpidabeach.bg\/wp-content\/uploads\/2024\/01\/6.webp\" class=\"jet-carousel__item-img\" alt=\"6\" loading=\"lazy\"><\/a><div class=\"jet-carousel__content\"><\/div><\/div>\n<\/div>\n\n<div class=\"jet-carousel__item\">\n\t<div class=\"jet-carousel__item-inner\"><a href=\"https:\/\/elpidabeach.bg\/wp-content\/uploads\/2024\/01\/7.webp\" class=\"jet-carousel__item-link\" data-elementor-open-lightbox=\"yes\" data-elementor-lightbox-slideshow=\"9914aea\"  ><img decoding=\"async\" src=\"https:\/\/elpidabeach.bg\/wp-content\/uploads\/2024\/01\/7.webp\" class=\"jet-carousel__item-img\" alt=\"7\" loading=\"lazy\"><\/a><div class=\"jet-carousel__content\"><\/div><\/div>\n<\/div>\n<\/div><\/div>\n<\/div>\n<\/div>\t\t<\/div>\n\t\t\t\t<\/div>\n\t\t\t\t<\/div>\n\t\t\t\t<\/div>\n\t\t","protected":false},"excerpt":{"rendered":"<p>all inclusive Cufunda\u021bi-v\u0103 \u00een confort cu pachetul nostru All Inclusive, conceput cu meticulozitate pentru cei care caut\u0103 confort \u0219i u\u0219urin\u021b\u0103 de neegalat.Mesele dvs. devin momente pre\u021bioase pline de delicii de familie, \u00een care fiecare membru a\u0219teapt\u0103 cu ner\u0103bdare micul dejun, pr\u00e2nzul \u0219i cina.&nbsp; Dar surprizele nu se opresc aici &#8211; pachetul nostru All-Inclusive se extinde [&hellip;]<\/p>\n","protected":false},"author":1,"featured_media":0,"parent":0,"menu_order":0,"comment_status":"closed","ping_status":"closed","template":"elementor_theme","meta":{"rank_math_lock_modified_date":false,"_jf_save_progress":"","footnotes":""},"class_list":["post-3686","page","type-page","status-publish","hentry"],"_links":{"self":[{"href":"https:\/\/elpidabeach.bg\/ro\/wp-json\/wp\/v2\/pages\/3686"}],"collection":[{"href":"https:\/\/elpidabeach.bg\/ro\/wp-json\/wp\/v2\/pages"}],"about":[{"href":"https:\/\/elpidabeach.bg\/ro\/wp-json\/wp\/v2\/types\/page"}],"author":[{"embeddable":true,"href":"https:\/\/elpidabeach.bg\/ro\/wp-json\/wp\/v2\/users\/1"}],"replies":[{"embeddable":true,"href":"https:\/\/elpidabeach.bg\/ro\/wp-json\/wp\/v2\/comments?post=3686"}],"version-history":[{"count":0,"href":"https:\/\/elpidabeach.bg\/ro\/wp-json\/wp\/v2\/pages\/3686\/revisions"}],"wp:attachment":[{"href":"https:\/\/elpidabeach.bg\/ro\/wp-json\/wp\/v2\/media?parent=3686"}],"curies":[{"name":"wp","href":"https:\/\/api.w.org\/{rel}","templated":true}]}}