{"id":3754,"date":"2023-10-17T11:41:07","date_gmt":"2023-10-17T09:41:07","guid":{"rendered":"https:\/\/elpidabeach.bg\/afaceri-si-evenimente\/"},"modified":"2024-09-16T15:17:44","modified_gmt":"2024-09-16T12:17:44","slug":"afaceri-si-evenimente","status":"publish","type":"page","link":"https:\/\/elpidabeach.bg\/ro\/afaceri-si-evenimente\/","title":{"rendered":"Afaceri \u0219i evenimente"},"content":{"rendered":"\t\t<div data-elementor-type=\"wp-page\" data-elementor-id=\"3754\" class=\"elementor elementor-3754 elementor-25\">\n\t\t\t\t<div class=\"elementor-element elementor-element-8839da3 e-flex e-con-boxed e-con e-parent\" data-id=\"8839da3\" data-element_type=\"container\" data-settings=\"{&quot;background_background&quot;:&quot;classic&quot;,&quot;jet_parallax_layout_list&quot;:[]}\">\n\t\t\t\t\t<div class=\"e-con-inner\">\n\t\t<div class=\"elementor-element elementor-element-fa2aaf2 elementor-hidden-tablet elementor-hidden-mobile e-flex e-con-boxed e-con e-child\" data-id=\"fa2aaf2\" data-element_type=\"container\" data-settings=\"{&quot;position&quot;:&quot;absolute&quot;,&quot;jet_parallax_layout_list&quot;:[]}\">\n\t\t\t\t\t<div class=\"e-con-inner\">\n\t\t\t\t<div class=\"elementor-element elementor-element-93deb3f elementor-widget elementor-widget-html\" data-id=\"93deb3f\" data-element_type=\"widget\" data-widget_type=\"html.default\">\n\t\t\t\t<div class=\"elementor-widget-container\">\n\t\t\t<div class=\"wp-webhotelier\">\r\n        <form \r\n    id=\"form-wp-webhotelier-s-1\" \r\n    method=\"POST\" \r\n    action=\"https:\/\/vemarabeach.reserve-online.net\" \r\n    class=\"wp-webhotelier-form \" \r\n    data-default-date=\"2026-05-01\" \r\n    data-closing-date=\"2026-10-30\"\r\n    data-opening-date=\"2026-05-01\"\r\n    target=\"_blank\"\r\n    >\r\n        <div class=\"wp-webhotelier-form-wrap\">\r\n                        <div class=\"wp-webhotelier-fields\">\r\n                                    <div class=\"wp-webhotelier-control-group\">\r\n                        <div class=\"wp-webhotelier-control-input\">\r\n                            <label for=\"wp-webhotelier-checkin-s-1\">Check-in<\/label>\r\n                            <input type=\"text\" id=\"wp-webhotelier-checkin-s-1\" name=\"checkin\" value=\"\" \/>\r\n                        <\/div>\r\n                    <\/div>\r\n                    <div class=\"wp-webhotelier-control-group\">\r\n                                                    <label for=\"wp-webhotelier-checkout-s-1\">Check-out<\/label>\r\n                            <input type=\"text\" id=\"wp-webhotelier-checkout-s-1\" name=\"checkout\" value=\"\" \/>\r\n                                            <\/div>\r\n                                        <div class=\"wp-webhotelier-control-group\">\r\n                        <label for=\"wp-webhotelier-rooms-s-1\">Rooms<\/label>\r\n                        <select name=\"rooms\" id=\"wp-webhotelier-rooms-s-1\">\r\n                                                            <option value=\"1\" selected=\"selected\">\r\n                                    1                                <\/option>\r\n                                                    <\/select>\r\n                    <\/div>\r\n                    <div class=\"wp-webhotelier-control-group\">\r\n                        <label for=\"wp-webhotelier-adults-s-1\">Adults<\/label>\r\n                        <select name=\"adults\" id=\"wp-webhotelier-adults-s-1\">\r\n                                                            <option value=\"1\" >\r\n                                    1                                <\/option>\r\n                                                            <option value=\"2\" selected=\"selected\">\r\n                                    2                                <\/option>\r\n                                                            <option value=\"3\" >\r\n                                    3                                <\/option>\r\n                                                            <option value=\"4\" >\r\n                                    4                                <\/option>\r\n                                                    <\/select>\r\n                    <\/div>\r\n                                            <div class=\"wp-webhotelier-control-group\">\r\n                            <label for=\"wp-webhotelier-children-s-1\">Children<\/label>\r\n                            <select name=\"children\" id=\"wp-webhotelier-children-s-1\">\r\n                                                                    <option value=\"0\" selected=\"selected\">\r\n                                        0                                    <\/option>\r\n                                                                    <option value=\"1\" >\r\n                                        1                                    <\/option>\r\n                                                                    <option value=\"2\" >\r\n                                        2                                    <\/option>\r\n                                                            <\/select>\r\n                        <\/div>\r\n                                                                <div class=\"wp-webhotelier-control-group\">\r\n                            <label for=\"wp-webhotelier-infants-s-1\">Infants<\/label>\r\n                            <select name=\"infants\" id=\"wp-webhotelier-infants-s-1\">\r\n                                                                    <option value=\"0\" selected=\"selected\">\r\n                                        0                                    <\/option>\r\n                                                                    <option value=\"1\" >\r\n                                        1                                    <\/option>\r\n                                                                    <option value=\"2\" >\r\n                                        2                                    <\/option>\r\n                                                                    <option value=\"3\" >\r\n                                        3                                    <\/option>\r\n                                                                    <option value=\"4\" >\r\n                                        4                                    <\/option>\r\n                                                            <\/select>\r\n                        <\/div>\r\n                                        <div class=\"wp-webhotelier-control-group\">\r\n                        <button class=\"wp-webhotelier-button\" type=\"submit\" id=\"wp-webhotelier-submit-s-1\">\r\n                            Search availability                        <\/button>\r\n                    <\/div>\r\n                                <\/div>\r\n                    <\/div>\r\n        <input type=\"hidden\" name=\"lang\" value=\"ro\">\r\n    <\/form>\r\n    <\/div>\t\t<\/div>\n\t\t\t\t<\/div>\n\t\t\t\t\t<\/div>\n\t\t\t\t<\/div>\n\t\t\t\t\t<\/div>\n\t\t\t\t<\/div>\n\t\t<div class=\"elementor-element elementor-element-c4c89b6 e-con-full elementor-hidden-widescreen elementor-hidden-desktop e-flex e-con e-parent\" data-id=\"c4c89b6\" data-element_type=\"container\" data-settings=\"{&quot;background_background&quot;:&quot;classic&quot;,&quot;jet_parallax_layout_list&quot;:[]}\">\n\t\t\t\t<div class=\"elementor-element elementor-element-1283086 elementor-widget elementor-widget-html\" data-id=\"1283086\" data-element_type=\"widget\" data-widget_type=\"html.default\">\n\t\t\t\t<div class=\"elementor-widget-container\">\n\t\t\t<div class=\"wp-webhotelier\">\r\n        <form \r\n    id=\"form-wp-webhotelier-s-2\" \r\n    method=\"POST\" \r\n    action=\"https:\/\/vemarabeach.reserve-online.net\" \r\n    class=\"wp-webhotelier-form \" \r\n    data-default-date=\"2026-05-01\" \r\n    data-closing-date=\"2026-10-30\"\r\n    data-opening-date=\"2026-05-01\"\r\n    target=\"_blank\"\r\n    >\r\n        <div class=\"wp-webhotelier-form-wrap\">\r\n                        <div class=\"wp-webhotelier-fields\">\r\n                                    <div class=\"wp-webhotelier-control-group\">\r\n                        <div class=\"wp-webhotelier-control-input\">\r\n                            <label for=\"wp-webhotelier-checkin-s-2\">Check-in<\/label>\r\n                            <input type=\"text\" id=\"wp-webhotelier-checkin-s-2\" name=\"checkin\" value=\"\" \/>\r\n                        <\/div>\r\n                    <\/div>\r\n                    <div class=\"wp-webhotelier-control-group\">\r\n                                                    <label for=\"wp-webhotelier-checkout-s-2\">Check-out<\/label>\r\n                            <input type=\"text\" id=\"wp-webhotelier-checkout-s-2\" name=\"checkout\" value=\"\" \/>\r\n                                            <\/div>\r\n                                        <div class=\"wp-webhotelier-control-group\">\r\n                        <label for=\"wp-webhotelier-rooms-s-2\">Rooms<\/label>\r\n                        <select name=\"rooms\" id=\"wp-webhotelier-rooms-s-2\">\r\n                                                            <option value=\"1\" selected=\"selected\">\r\n                                    1                                <\/option>\r\n                                                    <\/select>\r\n                    <\/div>\r\n                    <div class=\"wp-webhotelier-control-group\">\r\n                        <label for=\"wp-webhotelier-adults-s-2\">Adults<\/label>\r\n                        <select name=\"adults\" id=\"wp-webhotelier-adults-s-2\">\r\n                                                            <option value=\"1\" >\r\n                                    1                                <\/option>\r\n                                                            <option value=\"2\" selected=\"selected\">\r\n                                    2                                <\/option>\r\n                                                            <option value=\"3\" >\r\n                                    3                                <\/option>\r\n                                                            <option value=\"4\" >\r\n                                    4                                <\/option>\r\n                                                    <\/select>\r\n                    <\/div>\r\n                                            <div class=\"wp-webhotelier-control-group\">\r\n                            <label for=\"wp-webhotelier-children-s-2\">Children<\/label>\r\n                            <select name=\"children\" id=\"wp-webhotelier-children-s-2\">\r\n                                                                    <option value=\"0\" selected=\"selected\">\r\n                                        0                                    <\/option>\r\n                                                                    <option value=\"1\" >\r\n                                        1                                    <\/option>\r\n                                                                    <option value=\"2\" >\r\n                                        2                                    <\/option>\r\n                                                            <\/select>\r\n                        <\/div>\r\n                                                                <div class=\"wp-webhotelier-control-group\">\r\n                            <label for=\"wp-webhotelier-infants-s-2\">Infants<\/label>\r\n                            <select name=\"infants\" id=\"wp-webhotelier-infants-s-2\">\r\n                                                                    <option value=\"0\" selected=\"selected\">\r\n                                        0                                    <\/option>\r\n                                                                    <option value=\"1\" >\r\n                                        1                                    <\/option>\r\n                                                                    <option value=\"2\" >\r\n                                        2                                    <\/option>\r\n                                                                    <option value=\"3\" >\r\n                                        3                                    <\/option>\r\n                                                                    <option value=\"4\" >\r\n                                        4                                    <\/option>\r\n                                                            <\/select>\r\n                        <\/div>\r\n                                        <div class=\"wp-webhotelier-control-group\">\r\n                        <button class=\"wp-webhotelier-button\" type=\"submit\" id=\"wp-webhotelier-submit-s-2\">\r\n                            Search availability                        <\/button>\r\n                    <\/div>\r\n                                <\/div>\r\n                    <\/div>\r\n        <input type=\"hidden\" name=\"lang\" value=\"ro\">\r\n    <\/form>\r\n    <\/div>\t\t<\/div>\n\t\t\t\t<\/div>\n\t\t\t\t<\/div>\n\t\t<div class=\"elementor-element elementor-element-7d8193a e-flex e-con-boxed e-con e-parent\" data-id=\"7d8193a\" data-element_type=\"container\" data-settings=\"{&quot;background_background&quot;:&quot;classic&quot;,&quot;jet_parallax_layout_list&quot;:[]}\">\n\t\t\t\t\t<div class=\"e-con-inner\">\n\t\t\t\t<div class=\"elementor-element elementor-element-8e824c9 elementor-widget-mobile__width-inherit elementor-widget elementor-widget-heading\" data-id=\"8e824c9\" data-element_type=\"widget\" data-widget_type=\"heading.default\">\n\t\t\t\t<div class=\"elementor-widget-container\">\n\t\t\t<h1 class=\"elementor-heading-title elementor-size-default\">construirea de echipe<\/h1>\t\t<\/div>\n\t\t\t\t<\/div>\n\t\t\t\t<div class=\"elementor-element elementor-element-153a2a5 elementor-widget elementor-widget-text-editor\" data-id=\"153a2a5\" data-element_type=\"widget\" data-widget_type=\"text-editor.default\">\n\t\t\t\t<div class=\"elementor-widget-container\">\n\t\t\t\t\t\t\t<p>Descoperi\u021bi mediul perfect pentru dezvoltarea colabor\u0103rii \u00een echip\u0103. Personaliza\u021bi-v\u0103 sejurul aleg\u00e2nd din varietatea noastr\u0103 de camere de hotel concepute pentru a satisface diferite preferin\u021be &#8211; fie c\u0103 este vorba de vederi extinse la mare sau de apartamente spa\u021bioase.<\/p>\n<p>\u00cembun\u0103t\u0103\u021bi\u021bi rela\u021bia echipei dvs. cu o ofert\u0103 all-inclusive, unde exist\u0103 ceva pentru toat\u0103 lumea<\/p>\n\t\t\t\t\t\t<\/div>\n\t\t\t\t<\/div>\n\t\t\t\t\t<\/div>\n\t\t\t\t<\/div>\n\t\t<div class=\"elementor-element elementor-element-ae06329 e-flex e-con-boxed e-con e-parent\" data-id=\"ae06329\" data-element_type=\"container\" data-settings=\"{&quot;background_background&quot;:&quot;classic&quot;,&quot;jet_parallax_layout_list&quot;:[]}\">\n\t\t\t\t\t<div class=\"e-con-inner\">\n\t\t\t\t<div class=\"elementor-element elementor-element-8bad24f elementor-widget-mobile__width-inherit elementor-widget elementor-widget-heading\" data-id=\"8bad24f\" data-element_type=\"widget\" data-widget_type=\"heading.default\">\n\t\t\t\t<div class=\"elementor-widget-container\">\n\t\t\t<h2 class=\"elementor-heading-title elementor-size-default\">C\u0103l\u0103torii motiva\u021bionale<\/h2>\t\t<\/div>\n\t\t\t\t<\/div>\n\t\t<div class=\"elementor-element elementor-element-235a3cf e-flex e-con-boxed e-con e-child\" data-id=\"235a3cf\" data-element_type=\"container\" data-settings=\"{&quot;jet_parallax_layout_list&quot;:[]}\">\n\t\t\t\t\t<div class=\"e-con-inner\">\n\t\t\t\t<div class=\"elementor-element elementor-element-f6ff58a elementor-widget elementor-widget-text-editor\" data-id=\"f6ff58a\" data-element_type=\"widget\" data-widget_type=\"text-editor.default\">\n\t\t\t\t<div class=\"elementor-widget-container\">\n\t\t\t\t\t\t\t<p>Invita\u021bi-v\u0103 echipa de conducere \u00eentr-o excursie motiva\u021bional\u0103 exclusiv\u0103 \u0219i combina\u021bi cu abilitate utilul cu pl\u0103cutul.  <br \/>Hotelul nostru ofer\u0103 mediul perfect pentru a v\u0103 relaxa, a v\u0103 re\u00eenc\u0103rca \u0219i a v\u0103 uni ca echip\u0103. G\u00e2ndi\u021bi-v\u0103 \u0219i discuta\u021bi idei mari de afaceri \u0219i l\u0103sa\u021bi-ne pe noi s\u0103 ne ocup\u0103m de restul.<\/p>\n\t\t\t\t\t\t<\/div>\n\t\t\t\t<\/div>\n\t\t\t\t\t<\/div>\n\t\t\t\t<\/div>\n\t\t\t\t\t<\/div>\n\t\t\t\t<\/div>\n\t\t<div class=\"elementor-element elementor-element-59e9de5 e-flex e-con-boxed e-con e-parent\" data-id=\"59e9de5\" data-element_type=\"container\" data-settings=\"{&quot;background_background&quot;:&quot;classic&quot;,&quot;jet_parallax_layout_list&quot;:[]}\">\n\t\t\t\t\t<div class=\"e-con-inner\">\n\t\t\t\t<div class=\"elementor-element elementor-element-9362474 elementor-widget elementor-widget-heading\" data-id=\"9362474\" data-element_type=\"widget\" data-widget_type=\"heading.default\">\n\t\t\t\t<div class=\"elementor-widget-container\">\n\t\t\t<h4 class=\"elementor-heading-title elementor-size-default\">Tichete cadou pentru beneficii sociale\n<\/h4>\t\t<\/div>\n\t\t\t\t<\/div>\n\t\t\t\t<div class=\"elementor-element elementor-element-af53c16 elementor-widget elementor-widget-text-editor\" data-id=\"af53c16\" data-element_type=\"widget\" data-widget_type=\"text-editor.default\">\n\t\t\t\t<div class=\"elementor-widget-container\">\n\t\t\t\t\t\t\t<p>Arat\u0103-\u021bi dedicarea fa\u021b\u0103 de angaja\u021bii t\u0103i oferindu-le momente de neuitat!Voucherele noastre de hotel sunt gestul perfect pentru a onora angajamentul echipei dumneavoastr\u0103. Oferi\u021bi angaja\u021bilor dvs. o oportunitate justificat\u0103 de a se bucura de o escapad\u0103 relaxant\u0103 de weekend.<\/p>\n<p>Ar\u0103ta\u021bi-v\u0103 aprecierea cu o not\u0103 de elegan\u021b\u0103, cre\u00e2nd amintiri de durat\u0103 pentru membrii valoro\u0219i ai personalului dumneavoastr\u0103. Personaliza\u021bi-v\u0103 voucherele, fie pentru un anumit num\u0103r de nop\u021bi, fie pentru o anumit\u0103 sum\u0103 care contribuie la factura total\u0103, oferind un cadou personalizat \u0219i apreciat pentru personalul dumneavoastr\u0103 valoros.<\/p>\n\t\t\t\t\t\t<\/div>\n\t\t\t\t<\/div>\n\t\t\t\t<div class=\"elementor-element elementor-element-cb960f1 elementor-widget elementor-widget-image\" data-id=\"cb960f1\" data-element_type=\"widget\" data-widget_type=\"image.default\">\n\t\t\t\t<div class=\"elementor-widget-container\">\n\t\t\t\t\t\t\t\t\t\t\t\t\t<img fetchpriority=\"high\" decoding=\"async\" width=\"2560\" height=\"1440\" src=\"https:\/\/elpidabeach.bg\/wp-content\/uploads\/2024\/01\/business-2.webp\" class=\"attachment-full size-full wp-image-2407\" alt=\"\" srcset=\"https:\/\/elpidabeach.bg\/wp-content\/uploads\/2024\/01\/business-2.webp 2560w, https:\/\/elpidabeach.bg\/wp-content\/uploads\/2024\/01\/business-2-1536x864.webp 1536w, https:\/\/elpidabeach.bg\/wp-content\/uploads\/2024\/01\/business-2-2048x1152.webp 2048w\" sizes=\"(max-width: 2560px) 100vw, 2560px\" \/>\t\t\t\t\t\t\t\t\t\t\t\t\t<\/div>\n\t\t\t\t<\/div>\n\t\t\t\t\t<\/div>\n\t\t\t\t<\/div>\n\t\t\t\t<\/div>\n\t\t","protected":false},"excerpt":{"rendered":"<p>construirea de echipe Descoperi\u021bi mediul perfect pentru dezvoltarea colabor\u0103rii \u00een echip\u0103. Personaliza\u021bi-v\u0103 sejurul aleg\u00e2nd din varietatea noastr\u0103 de camere de hotel concepute pentru a satisface diferite preferin\u021be &#8211; fie c\u0103 este vorba de vederi extinse la mare sau de apartamente spa\u021bioase. \u00cembun\u0103t\u0103\u021bi\u021bi rela\u021bia echipei dvs. cu o ofert\u0103 all-inclusive, unde exist\u0103 ceva pentru toat\u0103 lumea [&hellip;]<\/p>\n","protected":false},"author":1,"featured_media":0,"parent":0,"menu_order":0,"comment_status":"closed","ping_status":"closed","template":"elementor_theme","meta":{"rank_math_lock_modified_date":false,"_jf_save_progress":"","footnotes":""},"class_list":["post-3754","page","type-page","status-publish","hentry"],"_links":{"self":[{"href":"https:\/\/elpidabeach.bg\/ro\/wp-json\/wp\/v2\/pages\/3754"}],"collection":[{"href":"https:\/\/elpidabeach.bg\/ro\/wp-json\/wp\/v2\/pages"}],"about":[{"href":"https:\/\/elpidabeach.bg\/ro\/wp-json\/wp\/v2\/types\/page"}],"author":[{"embeddable":true,"href":"https:\/\/elpidabeach.bg\/ro\/wp-json\/wp\/v2\/users\/1"}],"replies":[{"embeddable":true,"href":"https:\/\/elpidabeach.bg\/ro\/wp-json\/wp\/v2\/comments?post=3754"}],"version-history":[{"count":0,"href":"https:\/\/elpidabeach.bg\/ro\/wp-json\/wp\/v2\/pages\/3754\/revisions"}],"wp:attachment":[{"href":"https:\/\/elpidabeach.bg\/ro\/wp-json\/wp\/v2\/media?parent=3754"}],"curies":[{"name":"wp","href":"https:\/\/api.w.org\/{rel}","templated":true}]}}