{"id":3763,"date":"2023-10-17T11:42:20","date_gmt":"2023-10-17T08:42:20","guid":{"rendered":"https:\/\/elpidabeach.bg\/contactati\/"},"modified":"2025-01-15T20:43:12","modified_gmt":"2025-01-15T17:43:12","slug":"contactati","status":"publish","type":"page","link":"https:\/\/elpidabeach.bg\/ro\/contactati\/","title":{"rendered":"Contacta\u021bi"},"content":{"rendered":"\t\t<div data-elementor-type=\"wp-page\" data-elementor-id=\"3763\" class=\"elementor elementor-3763 elementor-41\">\n\t\t\t\t<div class=\"elementor-element elementor-element-7203a3b e-flex e-con-boxed e-con e-parent\" data-id=\"7203a3b\" data-element_type=\"container\" data-settings=\"{&quot;background_background&quot;:&quot;classic&quot;,&quot;jet_parallax_layout_list&quot;:[]}\">\n\t\t\t\t\t<div class=\"e-con-inner\">\n\t\t\t\t\t<\/div>\n\t\t\t\t<\/div>\n\t\t<div class=\"elementor-element elementor-element-6d239bc e-flex e-con-boxed e-con e-parent\" data-id=\"6d239bc\" data-element_type=\"container\" data-settings=\"{&quot;background_background&quot;:&quot;classic&quot;,&quot;jet_parallax_layout_list&quot;:[]}\">\n\t\t\t\t\t<div class=\"e-con-inner\">\n\t\t\t\t<div class=\"elementor-element elementor-element-6c0ee86 elementor-widget__width-inherit elementor-widget elementor-widget-heading\" data-id=\"6c0ee86\" data-element_type=\"widget\" data-widget_type=\"heading.default\">\n\t\t\t\t<div class=\"elementor-widget-container\">\n\t\t\t<h1 class=\"elementor-heading-title elementor-size-default\">contacta\u021bi-ne<\/h1>\t\t<\/div>\n\t\t\t\t<\/div>\n\t\t\t\t<div class=\"elementor-element elementor-element-d951c7f elementor-widget__width-inherit elementor-widget elementor-widget-text-editor\" data-id=\"d951c7f\" data-element_type=\"widget\" data-widget_type=\"text-editor.default\">\n\t\t\t\t<div class=\"elementor-widget-container\">\n\t\t\t\t\t\t\t<p>Dac\u0103 ave\u021bi \u00eentreb\u0103ri, v\u0103 rug\u0103m s\u0103 nu ezita\u021bi s\u0103 ne suna\u021bi la: sau s\u0103 ne trimite\u021bi un e-mail:<\/p>\n\t\t\t\t\t\t<\/div>\n\t\t\t\t<\/div>\n\t\t\t\t<div class=\"elementor-element elementor-element-4e04326 elementor-align-left elementor-widget-mobile__width-inherit elementor-widget__width-inherit elementor-icon-list--layout-traditional elementor-list-item-link-full_width elementor-widget elementor-widget-icon-list\" data-id=\"4e04326\" data-element_type=\"widget\" data-widget_type=\"icon-list.default\">\n\t\t\t\t<div class=\"elementor-widget-container\">\n\t\t\t\t\t<ul class=\"elementor-icon-list-items\">\n\t\t\t\t\t\t\t<li class=\"elementor-icon-list-item\">\n\t\t\t\t\t\t\t\t\t\t\t<a href=\"tel:+359888833322\">\n\n\t\t\t\t\t\t\t\t\t\t\t\t<span class=\"elementor-icon-list-icon\">\n\t\t\t\t\t\t\t<svg aria-hidden=\"true\" class=\"e-font-icon-svg e-fas-phone-alt\" viewBox=\"0 0 512 512\" xmlns=\"http:\/\/www.w3.org\/2000\/svg\"><path d=\"M497.39 361.8l-112-48a24 24 0 0 0-28 6.9l-49.6 60.6A370.66 370.66 0 0 1 130.6 204.11l60.6-49.6a23.94 23.94 0 0 0 6.9-28l-48-112A24.16 24.16 0 0 0 122.6.61l-104 24A24 24 0 0 0 0 48c0 256.5 207.9 464 464 464a24 24 0 0 0 23.4-18.6l24-104a24.29 24.29 0 0 0-14.01-27.6z\"><\/path><\/svg>\t\t\t\t\t\t<\/span>\n\t\t\t\t\t\t\t\t\t\t<span class=\"elementor-icon-list-text\">+359 8888 333 22<\/span>\n\t\t\t\t\t\t\t\t\t\t\t<\/a>\n\t\t\t\t\t\t\t\t\t<\/li>\n\t\t\t\t\t\t\t\t<li class=\"elementor-icon-list-item\">\n\t\t\t\t\t\t\t\t\t\t\t<a href=\"mailto:sales@yvonne.bg\">\n\n\t\t\t\t\t\t\t\t\t\t\t\t<span class=\"elementor-icon-list-icon\">\n\t\t\t\t\t\t\t<svg aria-hidden=\"true\" class=\"e-font-icon-svg e-fas-mail-bulk\" viewBox=\"0 0 576 512\" xmlns=\"http:\/\/www.w3.org\/2000\/svg\"><path d=\"M160 448c-25.6 0-51.2-22.4-64-32-64-44.8-83.2-60.8-96-70.4V480c0 17.67 14.33 32 32 32h256c17.67 0 32-14.33 32-32V345.6c-12.8 9.6-32 25.6-96 70.4-12.8 9.6-38.4 32-64 32zm128-192H32c-17.67 0-32 14.33-32 32v16c25.6 19.2 22.4 19.2 115.2 86.4 9.6 6.4 28.8 25.6 44.8 25.6s35.2-19.2 44.8-22.4c92.8-67.2 89.6-67.2 115.2-86.4V288c0-17.67-14.33-32-32-32zm256-96H224c-17.67 0-32 14.33-32 32v32h96c33.21 0 60.59 25.42 63.71 57.82l.29-.22V416h192c17.67 0 32-14.33 32-32V192c0-17.67-14.33-32-32-32zm-32 128h-64v-64h64v64zm-352-96c0-35.29 28.71-64 64-64h224V32c0-17.67-14.33-32-32-32H96C78.33 0 64 14.33 64 32v192h96v-32z\"><\/path><\/svg>\t\t\t\t\t\t<\/span>\n\t\t\t\t\t\t\t\t\t\t<span class=\"elementor-icon-list-text\">sales@yvonne.bg<\/span>\n\t\t\t\t\t\t\t\t\t\t\t<\/a>\n\t\t\t\t\t\t\t\t\t<\/li>\n\t\t\t\t\t\t\t\t<li class=\"elementor-icon-list-item\">\n\t\t\t\t\t\t\t\t\t\t\t<span class=\"elementor-icon-list-icon\">\n\t\t\t\t\t\t\t<svg aria-hidden=\"true\" class=\"e-font-icon-svg e-fas-map-marked-alt\" viewBox=\"0 0 576 512\" xmlns=\"http:\/\/www.w3.org\/2000\/svg\"><path d=\"M288 0c-69.59 0-126 56.41-126 126 0 56.26 82.35 158.8 113.9 196.02 6.39 7.54 17.82 7.54 24.2 0C331.65 284.8 414 182.26 414 126 414 56.41 357.59 0 288 0zm0 168c-23.2 0-42-18.8-42-42s18.8-42 42-42 42 18.8 42 42-18.8 42-42 42zM20.12 215.95A32.006 32.006 0 0 0 0 245.66v250.32c0 11.32 11.43 19.06 21.94 14.86L160 448V214.92c-8.84-15.98-16.07-31.54-21.25-46.42L20.12 215.95zM288 359.67c-14.07 0-27.38-6.18-36.51-16.96-19.66-23.2-40.57-49.62-59.49-76.72v182l192 64V266c-18.92 27.09-39.82 53.52-59.49 76.72-9.13 10.77-22.44 16.95-36.51 16.95zm266.06-198.51L416 224v288l139.88-55.95A31.996 31.996 0 0 0 576 426.34V176.02c0-11.32-11.43-19.06-21.94-14.86z\"><\/path><\/svg>\t\t\t\t\t\t<\/span>\n\t\t\t\t\t\t\t\t\t\t<span class=\"elementor-icon-list-text\">Central Beach, 9007 , Golden Sands resort<\/span>\n\t\t\t\t\t\t\t\t\t<\/li>\n\t\t\t\t\t\t<\/ul>\n\t\t\t\t<\/div>\n\t\t\t\t<\/div>\n\t\t\t\t<div class=\"elementor-element elementor-element-df6162d elementor-widget__width-inherit elementor-widget elementor-widget-jet-form-builder-form\" data-id=\"df6162d\" data-element_type=\"widget\" data-widget_type=\"jet-form-builder-form.default\">\n\t\t\t\t<div class=\"elementor-widget-container\">\n\t\t\t<link rel='stylesheet' id='wp-block-library-css' href='https:\/\/elpidabeach.bg\/wp-includes\/css\/dist\/block-library\/style.min.css?ver=6.6.5' media='all' \/>\n<style id=\"jet-form-builder-3825-inline-css\"><\/style><form  class=\"jet-form-builder layout-column submit-type-reload\" action=\"https:\/\/elpidabeach.bg\/ro\/wp-json\/wp\/v2\/pages\/3763\/?jet_form_builder_submit=submit&amp;method=reload\" method=\"POST\" data-form-id=\"3825\" data-layout=\"column\" enctype=\"multipart\/form-data\" novalidate=\"null\">\r\n<input type=\"hidden\" name=\"_jfb_current_render_states[]\" value=\"DEFAULT.STATE\" data-jfb-sync \/><input type=\"hidden\" class=\"jet-form-builder__field hidden-field\" name=\"_jet_engine_booking_form_id\" data-field-name=\"_jet_engine_booking_form_id\" value=\"3825\">\n<input type=\"hidden\" class=\"jet-form-builder__field hidden-field\" name=\"_jet_engine_refer\" data-field-name=\"_jet_engine_refer\" value=\"https:\/\/elpidabeach.bg\/ro\/wp-json\/wp\/v2\/pages\/3763\/\">\n<input type=\"hidden\" class=\"jet-form-builder__field hidden-field\" name=\"__queried_post_id\" data-field-name=\"__queried_post_id\" value=\"3763\">\n<div  class=\"jet-form-builder-row field-type-text-field\" >\n<div class=\"jet-form-builder__field-wrap\">\n\t\t\t\t<input placeholder=\"Nume\" required=\"required\" name=\"name_field\" id=\"name_field\" type=\"text\" data-field-name=\"name_field\" class=\"jet-form-builder__field text-field contact_form_input\" maxlength=\"50\" data-jfb-sync=\"null\">\n\t\t\t\t\t<\/div>\n<\/div>\n\n<div  class=\"jet-form-builder-row field-type-text-field\" >\n<div class=\"jet-form-builder__field-wrap\">\n\t\t\t\t<input placeholder=\"Nume de familie\" required=\"required\" name=\"last_name_field\" id=\"last_name_field\" type=\"text\" data-field-name=\"last_name_field\" class=\"jet-form-builder__field text-field contact_form_input\" maxlength=\"50\" data-jfb-sync=\"null\">\n\t\t\t\t\t<\/div>\n<\/div>\n\n<div  class=\"jet-form-builder-row field-type-text-field\" >\n<div class=\"jet-form-builder__field-wrap\">\n\t\t\t\t<input placeholder=\"Email\" required=\"required\" name=\"email_fileld\" id=\"email_fileld\" type=\"email\" data-field-name=\"email_fileld\" class=\"jet-form-builder__field text-field contact_form_input\" maxlength=\"50\" data-jfb-sync=\"null\">\n\t\t\t\t\t<\/div>\n<\/div>\n\n<div  class=\"jet-form-builder-row field-type-text-field\" >\n<div class=\"jet-form-builder__field-wrap\">\n\t\t\t\t<input placeholder=\"Telefon\" name=\"phone_field\" id=\"phone_field\" type=\"tel\" data-field-name=\"phone_field\" class=\"jet-form-builder__field text-field contact_form_input\" data-jfb-sync=\"null\">\n\t\t\t\t\t<\/div>\n<\/div>\n\n<div  class=\"jet-form-builder-row field-type-textarea-field\" >\n<div class=\"jet-form-builder__field-wrap\">\n\t\t<textarea class=\"jet-form-builder__field textarea-field contact_form_textfield\" placeholder=\"Mesaj\" required=\"required\" name=\"message_field\" data-field-name=\"message_field\" id=\"message_field\" data-jfb-sync=\"null\"><\/textarea>\n\t<\/div>\n<\/div>\n\n<div  class=\"jet-form-builder-row field-type-checkbox-field\" >\n<div class=\"jet-form-builder__fields-group checkradio-wrap\" data-jfb-sync><div class=\"jet-form-builder__field-wrap checkboxes-wrap checkradio-wrap\"><label class=\"jet-form-builder__field-label for-checkbox\">\n<input type=\"checkbox\" name=\"agreement\" value=\"0\" data-field-name=\"agreement\"  class=\"jet-form-builder__field checkboxes-field checkradio-field\" required=\"required\"><span>Am citit \u0219i accept <a href=\"#\">politica privind datele personale <\/a><\/span><\/label><\/div><\/div>\n<\/div>\n\n<div  class=\"jet-form-builder-row field-type-submit-field\" >\n\t<div data-type=\"submit\" class=\"jet-form-builder__action-button-wrapper jet-form-builder__submit-wrap\">\n\t<button class=\"jet-form-builder__action-button contact_form_button jet-form-builder__submit submit-type-reload\" type=\"submit\">Trimite<\/button>\n\t<\/div>\n\t\n<\/div>\t<div class=\"jet-form-builder-messages-wrap\" data-form-id=\"3825\"><\/div>\n<\/form>\n\t\t<\/div>\n\t\t\t\t<\/div>\n\t\t\t\t\t<\/div>\n\t\t\t\t<\/div>\n\t\t\t\t<\/div>\n\t\t","protected":false},"excerpt":{"rendered":"<p>contacta\u021bi-ne Dac\u0103 ave\u021bi \u00eentreb\u0103ri, v\u0103 rug\u0103m s\u0103 nu ezita\u021bi s\u0103 ne suna\u021bi la: sau s\u0103 ne trimite\u021bi un e-mail: +359 8888 333 22 sales@yvonne.bg Central Beach, 9007 , Golden Sands resort Am citit \u0219i accept politica privind datele personale Trimite<\/p>\n","protected":false},"author":1,"featured_media":0,"parent":0,"menu_order":0,"comment_status":"closed","ping_status":"closed","template":"elementor_theme","meta":{"rank_math_lock_modified_date":false,"_jf_save_progress":"","footnotes":""},"class_list":["post-3763","page","type-page","status-publish","hentry"],"_links":{"self":[{"href":"https:\/\/elpidabeach.bg\/ro\/wp-json\/wp\/v2\/pages\/3763"}],"collection":[{"href":"https:\/\/elpidabeach.bg\/ro\/wp-json\/wp\/v2\/pages"}],"about":[{"href":"https:\/\/elpidabeach.bg\/ro\/wp-json\/wp\/v2\/types\/page"}],"author":[{"embeddable":true,"href":"https:\/\/elpidabeach.bg\/ro\/wp-json\/wp\/v2\/users\/1"}],"replies":[{"embeddable":true,"href":"https:\/\/elpidabeach.bg\/ro\/wp-json\/wp\/v2\/comments?post=3763"}],"version-history":[{"count":3,"href":"https:\/\/elpidabeach.bg\/ro\/wp-json\/wp\/v2\/pages\/3763\/revisions"}],"predecessor-version":[{"id":4307,"href":"https:\/\/elpidabeach.bg\/ro\/wp-json\/wp\/v2\/pages\/3763\/revisions\/4307"}],"wp:attachment":[{"href":"https:\/\/elpidabeach.bg\/ro\/wp-json\/wp\/v2\/media?parent=3763"}],"curies":[{"name":"wp","href":"https:\/\/api.w.org\/{rel}","templated":true}]}}